{"id":1255,"date":"2023-12-19T12:33:10","date_gmt":"2023-12-19T11:33:10","guid":{"rendered":"https:\/\/www.camping-universal.com\/?page_id=1255"},"modified":"2026-01-19T16:36:36","modified_gmt":"2026-01-19T15:36:36","slug":"zwembad-en-rivier","status":"publish","type":"page","link":"https:\/\/www.camping-universal.com\/nl\/zwembad-en-rivier\/","title":{"rendered":"Zwembad &amp; rivier"},"content":{"rendered":"\n<div class=\"is-layout-flow wp-block-group alignfull diaporama-header\">\n<figure class=\"is-layout-flex wp-block-gallery-1 wp-block-gallery has-nested-images columns-default is-cropped fc-auto\">\n<figure class=\"wp-block-image size-full fc-auto\"><img decoding=\"async\" width=\"1920\" height=\"697\" src=\"https:\/\/www.camping-universal.com\/wp-content\/uploads\/2023\/12\/20230901_155939-Copie.webp\" alt=\"Camping met binnenzwembad in de regio Gard \" class=\"wp-image-554\" srcset=\"https:\/\/www.camping-universal.com\/wp-content\/uploads\/2023\/12\/20230901_155939-Copie.webp 1920w, https:\/\/www.camping-universal.com\/wp-content\/uploads\/2023\/12\/20230901_155939-Copie-300x109.webp 300w, https:\/\/www.camping-universal.com\/wp-content\/uploads\/2023\/12\/20230901_155939-Copie-1024x372.webp 1024w, https:\/\/www.camping-universal.com\/wp-content\/uploads\/2023\/12\/20230901_155939-Copie-768x279.webp 768w, https:\/\/www.camping-universal.com\/wp-content\/uploads\/2023\/12\/20230901_155939-Copie-1536x558.webp 1536w\" sizes=\"(max-width: 1920px) 100vw, 1920px\" title=\"\"><\/figure>\n<\/figure>\n<\/div>\n\n<div class=\"is-layout-flex wp-container-8 wp-block-columns are-vertically-aligned-center\">\n<div class=\"is-layout-flow wp-block-column is-vertically-aligned-center\" style=\"flex-basis:60%\">\n<h1>Camping met verwarmd zwembad aan de rivier in de regio Gard.<\/h1>\n\n\n\n<p>Onze camping, gelegen in het hart van een<strong> bosrijke natuurlijke omgeving<\/strong>, beschikt over een verwarmd <strong>zwembad aan de rivier<\/strong> en is de perfecte plek om af te koelen tijdens uw vakantie.<\/p>\n\n\n\n<div class=\"wp-block-fc-gut-lire-plus fc-mob\">\n<p>Lees meer<\/p>\n\n\n\n<div class=\"is-layout-flow wp-block-group\">\n<p>Neem een \u200b\u200bduik in het <strong>zwembad van onze camping<\/strong> en geniet van de prachtige natuur om je heen, of laat je meevoeren door het zachte geruis van de rivier. Een vakantie die <strong>ontspanning en avontuur<\/strong> combineert en een perfecte balans biedt tussen wellness en <strong>wateractiviteiten<\/strong>, waarbij je met je voeten in het water staat.<\/p>\n\n\n\n<p> Boek nu voor een <strong>onvergetelijke kampeerervaring<\/strong>.<\/p>\n<\/div>\n<\/div>\n<\/div>\n\n\n\n<div class=\"is-layout-flow wp-block-column is-vertically-aligned-center\">\n<ul class=\"pictos col-3 centre\">\n<li><span class=\"fc-icon sunglasses-solid\"><\/span> Ligstoel gebied<\/li>\n\n\n\n<li><span class=\"fc-icon water-ladder-solid\"><\/span>  Verwarmd zwembad<\/li>\n\n\n\n<li><span class=\"fc-icon water-solid\"><\/span>  Langs de rivier<\/li>\n\n\n\n<li><span class=\"fc-icon child-solid\"><\/span>  Zwembad<\/li>\n\n\n\n<li><span class=\"fc-icon water-solid\"><\/span>  Wateractiviteiten<\/li>\n<\/ul>\n\n\n\n<div class=\"is-content-justification-center is-layout-flex wp-container-6 wp-block-buttons\">\n<div class=\"wp-block-button btn_resa\"><a class=\"wp-block-button__link wp-element-button\">Boek een verblijf<\/a><\/div>\n<\/div>\n<\/div>\n<\/div>\n\n<div class=\"is-layout-flex wp-container-13 wp-block-columns alignfull are-vertically-aligned-center U-15 has-orange-clair-background-color has-background reverse-mob\">\n<div class=\"is-layout-flow wp-block-column is-vertically-aligned-center\" style=\"flex-basis:60%\">\n<figure class=\"is-layout-flex wp-block-gallery-9 wp-block-gallery has-nested-images columns-default is-cropped U-15__gallery fc-auto\">\n<figure class=\"wp-block-image size-large fc-auto\"><img decoding=\"async\" width=\"614\" height=\"1024\" src=\"https:\/\/www.camping-universal.com\/wp-content\/uploads\/2023\/12\/20220527_182315-1-614x1024.webp\" alt=\"Verwarmd en overdekt zwembad op de camping in de regio Gard. \" class=\"wp-image-602\" srcset=\"https:\/\/www.camping-universal.com\/wp-content\/uploads\/2023\/12\/20220527_182315-1-614x1024.webp 614w, https:\/\/www.camping-universal.com\/wp-content\/uploads\/2023\/12\/20220527_182315-1-180x300.webp 180w, https:\/\/www.camping-universal.com\/wp-content\/uploads\/2023\/12\/20220527_182315-1-768x1280.webp 768w, https:\/\/www.camping-universal.com\/wp-content\/uploads\/2023\/12\/20220527_182315-1-921x1536.webp 921w, https:\/\/www.camping-universal.com\/wp-content\/uploads\/2023\/12\/20220527_182315-1.webp 1024w\" sizes=\"(max-width: 614px) 100vw, 614px\" title=\"\"><\/figure>\n\n\n\n<figure class=\"wp-block-image size-large has-orange-color fc-auto\"><img decoding=\"async\" width=\"614\" height=\"1024\" src=\"https:\/\/www.camping-universal.com\/wp-content\/uploads\/2023\/12\/20230813_174231-614x1024.webp\" alt=\"Camping met binnenzwembad in de regio Gard\" class=\"wp-image-558\" srcset=\"https:\/\/www.camping-universal.com\/wp-content\/uploads\/2023\/12\/20230813_174231-614x1024.webp 614w, https:\/\/www.camping-universal.com\/wp-content\/uploads\/2023\/12\/20230813_174231-180x300.webp 180w, https:\/\/www.camping-universal.com\/wp-content\/uploads\/2023\/12\/20230813_174231-768x1280.webp 768w, https:\/\/www.camping-universal.com\/wp-content\/uploads\/2023\/12\/20230813_174231-921x1536.webp 921w, https:\/\/www.camping-universal.com\/wp-content\/uploads\/2023\/12\/20230813_174231.webp 1024w\" sizes=\"(max-width: 614px) 100vw, 614px\" title=\"\"><figcaption class=\"wp-element-caption\"><a href=\"https:\/\/www.camping-universal.com\/nl\/fotogalerij\/?galerie=piscine\" data-type=\"page\" data-id=\"142\"><span class=\"fc-icon camera-retro-solid\"><\/span><\/a><\/figcaption><\/figure>\n\n\n\n<figure class=\"wp-block-image size-large fc-auto\"><img decoding=\"async\" width=\"1024\" height=\"614\" src=\"https:\/\/www.camping-universal.com\/wp-content\/uploads\/2023\/12\/20230910_154829.webp\" alt=\"Overdekt zwembad op de camping in de regio Gard.\" class=\"wp-image-574\" srcset=\"https:\/\/www.camping-universal.com\/wp-content\/uploads\/2023\/12\/20230910_154829.webp 1024w, https:\/\/www.camping-universal.com\/wp-content\/uploads\/2023\/12\/20230910_154829-300x180.webp 300w, https:\/\/www.camping-universal.com\/wp-content\/uploads\/2023\/12\/20230910_154829-768x461.webp 768w\" sizes=\"(max-width: 1024px) 100vw, 1024px\" title=\"\"><\/figure>\n<\/figure>\n<\/div>\n\n\n\n<div class=\"is-layout-flow wp-block-column is-vertically-aligned-center\">\n<h2 class=\"deco--arrow-bound has-orange-color has-text-color\">Buitenzwembad met peuterbad op de <span class=\"fc-span\">camping<\/span><\/h2>\n\n\n\n<p>Koel af in het <strong>verwarmde zwembad<\/strong> van de camping, met kinderbad en <strong>zonneterras.<\/strong><\/p>\n\n\n\n<p>Dompel jezelf onder in het verfrissende water van het zwembad, ideaal voor het hele gezin!<\/p>\n\n\n\n<p>Geniet van de zon in <strong>de ligstoelen<\/strong> terwijl je het <strong>omringende natuurlijke landschap<\/strong> bewondert. Onze camping biedt een harmonieus evenwicht tussen <strong>ontspanning aan het water<\/strong> en <strong>onderdompeling in de natuur<\/strong> en belooft onvergetelijke momenten van welzijn.<\/p>\n<\/div>\n<\/div>\n\n<div class=\"is-layout-constrained wp-block-group U-10\">\n<div class=\"is-layout-flex wp-container-18 wp-block-columns reverse-mob\">\n<div class=\"is-layout-flow wp-block-column\">\n<figure class=\"wp-block-image size-full fc-full\"><img decoding=\"async\" width=\"1024\" height=\"614\" src=\"https:\/\/www.camping-universal.com\/wp-content\/uploads\/2023\/12\/20220527_125039.webp\" alt=\"Rivier vlakbij het verwarmde zwembad van de camping in de Gard \" class=\"wp-image-655\" srcset=\"https:\/\/www.camping-universal.com\/wp-content\/uploads\/2023\/12\/20220527_125039.webp 1024w, https:\/\/www.camping-universal.com\/wp-content\/uploads\/2023\/12\/20220527_125039-300x180.webp 300w, https:\/\/www.camping-universal.com\/wp-content\/uploads\/2023\/12\/20220527_125039-768x461.webp 768w\" sizes=\"(max-width: 1024px) 100vw, 1024px\" title=\"\"><\/figure>\n<\/div>\n\n\n\n<div class=\"is-layout-flow wp-block-column U-10__texte\">\n<h2>Vacances dans le Gard en bord de rivi\u00e8re au <span class=\"fc-span\">camping Universal 4 \u00e9toiles<\/span><\/h2>\n\n\n\n<p>Ontdek een <strong>idyllische kampeerervaring met een zwembad in de Gard-regio<\/strong> door te kiezen voor onze <strong>camping aan de rivier.<\/strong><\/p>\n\n\n\n<div class=\"wp-block-fc-gut-lire-plus fc-mob\">\n<p>Lees meer<\/p>\n\n\n\n<div class=\"is-layout-flow wp-block-group\">\n<p>Dompel jezelf onder in de natuurlijke rust terwijl je je <a href=\"https:\/\/www.camping-universal.com\/nl\/locaties\/\" data-type=\"page\" data-id=\"104\">tent opzet of je camper<\/a> parkeert langs de vredige oevers van de rivier.<\/p>\n\n\n\n<p>Geniet van activiteiten op het water, zoals <strong>vissen, schilderachtige wandelingen en watersporten<\/strong> op slechts een klein stukje lopen van je kampeerplaats.<\/p>\n\n\n\n<p>Onze <strong>camping aan de rivier<\/strong> biedt de perfecte ontsnapping voor <strong>natuurliefhebbers<\/strong>!<\/p>\n\n\n\n<p><strong>De rivier de C\u00e8ze <\/strong>zal u ongetwijfeld betoveren; u zult zich laten verleiden tot zwemmen, springen en rustige <strong>wandelingen langs de waterkant<\/strong>, altijd op zoek naar gouden glinsteringen.<\/p>\n<\/div>\n<\/div>\n\n\n\n<div class=\"is-layout-flex wp-block-buttons\">\n<div class=\"wp-block-button btn_resa\"><a class=\"wp-block-button__link wp-element-button\">Boek mijn verblijf<\/a><\/div>\n<\/div>\n<\/div>\n<\/div>\n\n\n\n<div class=\"is-layout-flex wp-container-21 wp-block-columns U-05__images\">\n<div class=\"is-layout-flow wp-block-column hide-mob U-10__large\">\n<figure class=\"wp-block-image size-full fc-full\"><img decoding=\"async\" width=\"1024\" height=\"614\" src=\"https:\/\/www.camping-universal.com\/wp-content\/uploads\/2023\/12\/20230731_082734.webp\" alt=\"Rivier vlakbij het binnenzwembad van de camping in de Gard \" class=\"wp-image-639\" srcset=\"https:\/\/www.camping-universal.com\/wp-content\/uploads\/2023\/12\/20230731_082734.webp 1024w, https:\/\/www.camping-universal.com\/wp-content\/uploads\/2023\/12\/20230731_082734-300x180.webp 300w, https:\/\/www.camping-universal.com\/wp-content\/uploads\/2023\/12\/20230731_082734-768x461.webp 768w\" sizes=\"(max-width: 1024px) 100vw, 1024px\" title=\"\"><\/figure>\n<\/div>\n\n\n\n<div class=\"is-layout-flow wp-block-column U-10__square\">\n<figure class=\"wp-block-image size-large fc-auto\"><img decoding=\"async\" width=\"614\" height=\"1024\" src=\"https:\/\/www.camping-universal.com\/wp-content\/uploads\/2023\/12\/20230816_141859-614x1024.webp\" alt=\"Het binnenzwembad op de camping in de regio Gard. \" class=\"wp-image-651\" srcset=\"https:\/\/www.camping-universal.com\/wp-content\/uploads\/2023\/12\/20230816_141859-614x1024.webp 614w, https:\/\/www.camping-universal.com\/wp-content\/uploads\/2023\/12\/20230816_141859-180x300.webp 180w, https:\/\/www.camping-universal.com\/wp-content\/uploads\/2023\/12\/20230816_141859-768x1280.webp 768w, https:\/\/www.camping-universal.com\/wp-content\/uploads\/2023\/12\/20230816_141859-921x1536.webp 921w, https:\/\/www.camping-universal.com\/wp-content\/uploads\/2023\/12\/20230816_141859.webp 1024w\" sizes=\"(max-width: 614px) 100vw, 614px\" title=\"\"><figcaption class=\"wp-element-caption\"><a href=\"https:\/\/www.camping-universal.com\/nl\/fotogalerij\/?galerie=riviere\"><span class=\"fc-icon camera-retro-solid\"><\/span><\/a><\/figcaption><\/figure>\n\n\n\n<p class=\"h3 has-vert-color has-text-color\">Rustige en natuurlijke camping<\/p>\n\n\n\n<p>Geniet van een geslaagde familievakantie in de Gard-regio in een ontspannen en verkwikkende omgeving.<\/p>\n<\/div>\n<\/div>\n\n\n\n<div class=\"is-layout-flex wp-container-24 wp-block-columns alignfull are-vertically-aligned-center U-15 has-orange-clair-background-color has-background reverse-mob\">\n<div class=\"is-layout-flow wp-block-column is-vertically-aligned-center\" style=\"flex-basis:60%\">\n<h2 class=\"has-orange-color has-text-color\">Ontdek de omgeving van de camping met zwembad in Rochegude.<\/h2>\n\n\n\n<p>Kom en adem de lavendelvelden rond Rochegude in. Geniet van de lokale specialiteiten en het uitzonderlijke natuurlijke erfgoed in de buurt van onze<strong> camping aan de rivier met zwembad<\/strong>. <a href=\"https:\/\/www.camping-universal.com\/nl\/toerisme-gard\/\" data-type=\"URL\" data-id=\"https:\/\/www.camping-universal.com\/tourisme-gard\/\">Bezoek de middeleeuwse dorpjes van de Gard<\/a>, Proven\u00e7aalse markten en vele andere bezienswaardigheden die bijdragen aan de rijkdom van onze regio, waaronder de meest bekende: <\/p>\n\n\n\n<p>Plongez dans l\u2019authenticit\u00e9 du Gard en d\u00e9couvrant les march\u00e9s locaux, o\u00f9 les saveurs et les couleurs des produits r\u00e9gionaux vous captiveront.<\/p>\n<\/div>\n\n\n\n<div class=\"is-layout-flow wp-block-column is-vertically-aligned-center\">\n<figure class=\"wp-block-image size-large fc-auto\"><img decoding=\"async\" width=\"1024\" height=\"467\" src=\"https:\/\/www.camping-universal.com\/wp-content\/uploads\/2023\/12\/ben-michel-lKSQQ9Gsa8I-unsplash-1024x467.webp\" alt=\"Brug vlakbij het binnenzwembad van de camping in de Gard \" class=\"wp-image-746\" srcset=\"https:\/\/www.camping-universal.com\/wp-content\/uploads\/2023\/12\/ben-michel-lKSQQ9Gsa8I-unsplash-1024x467.webp 1024w, https:\/\/www.camping-universal.com\/wp-content\/uploads\/2023\/12\/ben-michel-lKSQQ9Gsa8I-unsplash-300x137.webp 300w, https:\/\/www.camping-universal.com\/wp-content\/uploads\/2023\/12\/ben-michel-lKSQQ9Gsa8I-unsplash-768x350.webp 768w, https:\/\/www.camping-universal.com\/wp-content\/uploads\/2023\/12\/ben-michel-lKSQQ9Gsa8I-unsplash-1536x701.webp 1536w, https:\/\/www.camping-universal.com\/wp-content\/uploads\/2023\/12\/ben-michel-lKSQQ9Gsa8I-unsplash.webp 1920w\" sizes=\"(max-width: 1024px) 100vw, 1024px\" title=\"\"><\/figure>\n<\/div>\n<\/div>\n<\/div>\n","protected":false},"excerpt":{"rendered":"<p>Camping met verwarmd zwembad aan de rivier in de regio Gard. Onze camping, gelegen in het hart van een bosrijke natuurlijke omgeving, beschikt over een verwarmd zwembad aan de rivier en is de perfecte plek om af te koelen tijdens uw vakantie. Buitenzwembad met peuterbad op de camping Koel af in het verwarmde zwembad van [&hellip;]<\/p>\n","protected":false},"author":1,"featured_media":0,"parent":0,"menu_order":0,"comment_status":"closed","ping_status":"closed","template":"","meta":[],"acf":[],"_links":{"self":[{"href":"https:\/\/www.camping-universal.com\/nl\/wp-json\/wp\/v2\/pages\/1255"}],"collection":[{"href":"https:\/\/www.camping-universal.com\/nl\/wp-json\/wp\/v2\/pages"}],"about":[{"href":"https:\/\/www.camping-universal.com\/nl\/wp-json\/wp\/v2\/types\/page"}],"author":[{"embeddable":true,"href":"https:\/\/www.camping-universal.com\/nl\/wp-json\/wp\/v2\/users\/1"}],"replies":[{"embeddable":true,"href":"https:\/\/www.camping-universal.com\/nl\/wp-json\/wp\/v2\/comments?post=1255"}],"version-history":[{"count":5,"href":"https:\/\/www.camping-universal.com\/nl\/wp-json\/wp\/v2\/pages\/1255\/revisions"}],"predecessor-version":[{"id":1942,"href":"https:\/\/www.camping-universal.com\/nl\/wp-json\/wp\/v2\/pages\/1255\/revisions\/1942"}],"wp:attachment":[{"href":"https:\/\/www.camping-universal.com\/nl\/wp-json\/wp\/v2\/media?parent=1255"}],"curies":[{"name":"wp","href":"https:\/\/api.w.org\/{rel}","templated":true}]}}