{"id":1325,"date":"2023-12-19T12:33:24","date_gmt":"2023-12-19T11:33:24","guid":{"rendered":"https:\/\/www.camping-universal.com\/?page_id=1325"},"modified":"2026-01-28T23:58:39","modified_gmt":"2026-01-28T22:58:39","slug":"activity-services","status":"publish","type":"page","link":"https:\/\/www.camping-universal.com\/de\/activity-services\/","title":{"rendered":"Aktivit\u00e4ten &amp; Dienstleistungen"},"content":{"rendered":"\n<div class=\"is-layout-flow wp-block-group alignfull diaporama-header\">\n<figure class=\"is-layout-flex wp-block-gallery-1 wp-block-gallery has-nested-images columns-default is-cropped fc-auto\">\n<figure class=\"wp-block-image size-large fc-auto\"><img decoding=\"async\" width=\"1024\" height=\"768\" src=\"https:\/\/www.camping-universal.com\/wp-content\/uploads\/2026\/01\/IMG_2626-1024x768.jpeg\" alt=\"\" class=\"wp-image-2095\" srcset=\"https:\/\/www.camping-universal.com\/wp-content\/uploads\/2026\/01\/IMG_2626-1024x768.jpeg 1024w, https:\/\/www.camping-universal.com\/wp-content\/uploads\/2026\/01\/IMG_2626-300x225.jpeg 300w, https:\/\/www.camping-universal.com\/wp-content\/uploads\/2026\/01\/IMG_2626-768x576.jpeg 768w, https:\/\/www.camping-universal.com\/wp-content\/uploads\/2026\/01\/IMG_2626-1536x1152.jpeg 1536w, https:\/\/www.camping-universal.com\/wp-content\/uploads\/2026\/01\/IMG_2626-2048x1536.jpeg 2048w\" sizes=\"(max-width: 1024px) 100vw, 1024px\" title=\"\"><\/figure>\n<\/figure>\n<\/div>\n\n<div class=\"is-layout-constrained wp-block-group U-20\">\n<div class=\"is-layout-flex wp-container-7 wp-block-columns are-vertically-aligned-center\">\n<div class=\"is-layout-flow wp-block-column is-vertically-aligned-center\" style=\"flex-basis:70%\">\n<h1 class=\"has-orange-color has-text-color\">Aktivit\u00e4ten und Dienstleistungen <span class=\"fc-span\">auf dem Naturcampingplatz im Gard<\/span><\/h1>\n\n\n\n<p>Entdecken Sie unseren Naturcampingplatz mit<strong> Aktivit\u00e4ten und Unterhaltung f\u00fcr jeden Geschmack in der Region Gard<\/strong>! Verbringen Sie einen erholsamen Urlaub mit <strong>allem Komfort<\/strong>, den Sie ben\u00f6tigen. <\/p>\n\n\n\n<h2 class=\"h4 has-orange-color has-text-color\">Aktivit\u00e4ten f\u00fcr Kinder<\/h2>\n\n\n\n<p>Kinder k\u00f6nnen sich auf dem Spielplatz des Campingplatzes in Rochegude vergn\u00fcgen oder die speziell f\u00fcr sie <strong>eingerichteten Aktivit\u00e4ten genie\u00dfen<\/strong>.<\/p>\n\n\n\n<div class=\"is-layout-flex wp-block-buttons\">\n<div class=\"wp-block-button fc-style-1\"><a class=\"wp-block-button__link wp-element-button\" href=\"https:\/\/www.camping-universal.com\/de\/fotogalerie\/?galerie=activites\">Fotogalerie<\/a><\/div>\n\n\n\n<div class=\"wp-block-button btn_resa\"><a class=\"wp-block-button__link wp-element-button\">Buchen Sie meinen Aufenthalt<\/a><\/div>\n<\/div>\n<\/div>\n\n\n\n<div class=\"is-layout-flow wp-block-column is-vertically-aligned-center\">\n<ul class=\"pictos col-1 pictos-h centre has-orange-color has-text-color\">\n<li><span class=\"fc-icon house-tree-solid\"><\/span> Spielplatz <span class=\"fc-span\">Schaukel, Rutsche, Baumhaus, Klettern<\/span><\/li>\n\n\n\n<li><span class=\"fc-icon children-solid\"><\/span> Kinderanimation Spiele und Animationen, <span class=\"fc-span\">die von einer Animateurin betreut werden<\/span><\/li>\n\n\n\n<li><span class=\"fc-icon table-tennis-paddle-ball-solid\"><\/span>  Freizeit <span class=\"fc-span\">Tischtennis, Kicker, Billard, Dart<\/span><\/li>\n<\/ul>\n<\/div>\n<\/div>\n\n\n\n<figure class=\"is-layout-flex wp-block-gallery-8 wp-block-gallery has-nested-images columns-4 is-cropped fc-diapo-mob fc-auto\">\n<figure class=\"wp-block-image size-large fc-auto\"><img decoding=\"async\" width=\"614\" height=\"1024\" src=\"https:\/\/www.camping-universal.com\/wp-content\/uploads\/2023\/12\/20230806_172105-614x1024.webp\" alt=\"\" class=\"wp-image-590\" srcset=\"https:\/\/www.camping-universal.com\/wp-content\/uploads\/2023\/12\/20230806_172105-614x1024.webp 614w, https:\/\/www.camping-universal.com\/wp-content\/uploads\/2023\/12\/20230806_172105-180x300.webp 180w, https:\/\/www.camping-universal.com\/wp-content\/uploads\/2023\/12\/20230806_172105-768x1280.webp 768w, https:\/\/www.camping-universal.com\/wp-content\/uploads\/2023\/12\/20230806_172105-921x1536.webp 921w, https:\/\/www.camping-universal.com\/wp-content\/uploads\/2023\/12\/20230806_172105.webp 1024w\" sizes=\"(max-width: 614px) 100vw, 614px\" title=\"\"><\/figure>\n\n\n\n<figure class=\"wp-block-image size-full fc-auto\"><img decoding=\"async\" width=\"1008\" height=\"670\" src=\"https:\/\/www.camping-universal.com\/wp-content\/uploads\/2023\/12\/batch_activites06.webp\" alt=\"\" class=\"wp-image-269\" srcset=\"https:\/\/www.camping-universal.com\/wp-content\/uploads\/2023\/12\/batch_activites06.webp 1008w, https:\/\/www.camping-universal.com\/wp-content\/uploads\/2023\/12\/batch_activites06-300x199.webp 300w, https:\/\/www.camping-universal.com\/wp-content\/uploads\/2023\/12\/batch_activites06-768x510.webp 768w\" sizes=\"(max-width: 1008px) 100vw, 1008px\" title=\"\"><figcaption class=\"wp-element-caption\">Spielplatz<\/figcaption><\/figure>\n\n\n\n<figure class=\"wp-block-image size-large deco--arrow-focus fc-auto\"><img decoding=\"async\" width=\"990\" height=\"743\" src=\"https:\/\/www.camping-universal.com\/wp-content\/uploads\/2023\/12\/activites13.webp\" alt=\"\" class=\"wp-image-676\" srcset=\"https:\/\/www.camping-universal.com\/wp-content\/uploads\/2023\/12\/activites13.webp 990w, https:\/\/www.camping-universal.com\/wp-content\/uploads\/2023\/12\/activites13-300x225.webp 300w, https:\/\/www.camping-universal.com\/wp-content\/uploads\/2023\/12\/activites13-768x576.webp 768w\" sizes=\"(max-width: 990px) 100vw, 990px\" title=\"\"><figcaption class=\"wp-element-caption\">Animationen<\/figcaption><\/figure>\n\n\n\n<figure class=\"wp-block-image size-full fc-auto\"><img decoding=\"async\" width=\"1024\" height=\"670\" src=\"https:\/\/www.camping-universal.com\/wp-content\/uploads\/2023\/12\/batch_activites05-1.webp\" alt=\"\" class=\"wp-image-274\" srcset=\"https:\/\/www.camping-universal.com\/wp-content\/uploads\/2023\/12\/batch_activites05-1.webp 1024w, https:\/\/www.camping-universal.com\/wp-content\/uploads\/2023\/12\/batch_activites05-1-300x196.webp 300w, https:\/\/www.camping-universal.com\/wp-content\/uploads\/2023\/12\/batch_activites05-1-768x503.webp 768w\" sizes=\"(max-width: 1024px) 100vw, 1024px\" title=\"\"><\/figure>\n<\/figure>\n<\/div>\n\n<div class=\"is-layout-flex wp-container-16 wp-block-columns alignfull are-vertically-aligned-center U-15 has-vert-clair-background-color has-background reverse-mob\">\n<div class=\"is-layout-flow wp-block-column is-vertically-aligned-center\" style=\"flex-basis:50%\">\n<figure class=\"is-layout-flex wp-block-gallery-11 wp-block-gallery has-nested-images columns-default is-cropped U-15__gallery fc-auto\">\n<figure class=\"wp-block-image size-large fc-auto\"><img decoding=\"async\" width=\"990\" height=\"743\" src=\"https:\/\/www.camping-universal.com\/wp-content\/uploads\/2023\/12\/activites11.webp\" alt=\"\" class=\"wp-image-684\" srcset=\"https:\/\/www.camping-universal.com\/wp-content\/uploads\/2023\/12\/activites11.webp 990w, https:\/\/www.camping-universal.com\/wp-content\/uploads\/2023\/12\/activites11-300x225.webp 300w, https:\/\/www.camping-universal.com\/wp-content\/uploads\/2023\/12\/activites11-768x576.webp 768w\" sizes=\"(max-width: 990px) 100vw, 990px\" title=\"\"><\/figure>\n\n\n\n<figure class=\"wp-block-image size-large btn_resa fc-auto\"><img decoding=\"async\" width=\"1024\" height=\"671\" src=\"https:\/\/www.camping-universal.com\/wp-content\/uploads\/2023\/12\/batch_cabanes06-1.webp\" alt=\"\" class=\"wp-image-218\" srcset=\"https:\/\/www.camping-universal.com\/wp-content\/uploads\/2023\/12\/batch_cabanes06-1.webp 1024w, https:\/\/www.camping-universal.com\/wp-content\/uploads\/2023\/12\/batch_cabanes06-1-300x197.webp 300w, https:\/\/www.camping-universal.com\/wp-content\/uploads\/2023\/12\/batch_cabanes06-1-768x503.webp 768w\" sizes=\"(max-width: 1024px) 100vw, 1024px\" title=\"\"><figcaption class=\"wp-element-caption\"><span class=\"fc-icon magnifying-glass-solid\"><\/span><\/figcaption><\/figure>\n\n\n\n<figure class=\"wp-block-image size-large fc-auto\"><img decoding=\"async\" width=\"1024\" height=\"602\" src=\"https:\/\/www.camping-universal.com\/wp-content\/uploads\/2026\/01\/IMG_8588-1024x602.jpeg\" alt=\"\" class=\"wp-image-2027\" srcset=\"https:\/\/www.camping-universal.com\/wp-content\/uploads\/2026\/01\/IMG_8588-1024x602.jpeg 1024w, https:\/\/www.camping-universal.com\/wp-content\/uploads\/2026\/01\/IMG_8588-300x176.jpeg 300w, https:\/\/www.camping-universal.com\/wp-content\/uploads\/2026\/01\/IMG_8588-768x451.jpeg 768w, https:\/\/www.camping-universal.com\/wp-content\/uploads\/2026\/01\/IMG_8588-1536x903.jpeg 1536w, https:\/\/www.camping-universal.com\/wp-content\/uploads\/2026\/01\/IMG_8588-2048x1204.jpeg 2048w\" sizes=\"(max-width: 1024px) 100vw, 1024px\" title=\"\"><\/figure>\n<\/figure>\n<\/div>\n\n\n\n<div class=\"is-layout-flow wp-block-column is-vertically-aligned-center\">\n<h2>Was Sie beim <span class=\"fc-span\">Camping in der Region Gard<\/span> w\u00e4hrend Ihres Urlaubs unternehmen k\u00f6nnen <\/h2>\n\n\n\n<p>Sie werden dem <strong>Fluss C\u00e8ze<\/strong>, der Sie verzaubert, nicht widerstehen k\u00f6nnen. Sie werden sich von endlosen <strong>Badeg\u00e4ngen<\/strong>, verspielten <strong>Tauchg\u00e4ngen <\/strong>und ruhigen <strong>Spazierg\u00e4ngen <\/strong>entlang des Wassers auf der ewigen Suche nach Goldflocken tragen lassen.<\/p>\n\n\n\n<div class=\"wp-block-fc-gut-lire-plus fc-mob\">\n<p>Lesen Sie mehr<\/p>\n\n\n\n<div class=\"is-layout-flow wp-block-group\">\n<p>Am\u00fcsieren Sie sich auch auf dem <strong>Fu\u00dfballplatz<\/strong>, wo Sie sich mit Familie oder Freunden austoben k\u00f6nnen, oder auf dem <strong>Volleyballfeld<\/strong>! Treten Sie auch auf dem <strong>Bouleplatz<\/strong> des Campingplatzes gegeneinander an.<\/p>\n\n\n\n<p>Der Campingplatz im Gard bietet ein bis zwei Konzert- oder Themenabende pro Woche, Gruppenspiele, <strong>Wettbewerbe<\/strong> und <strong>Turniere<\/strong> f\u00fcr Jung und Alt.<\/p>\n<\/div>\n<\/div>\n<\/div>\n<\/div>\n\n<div class=\"is-layout-flex wp-container-22 wp-block-columns are-vertically-aligned-center U-25\">\n<div class=\"is-layout-flow wp-block-column is-vertically-aligned-center\" style=\"flex-basis:36%\">\n<h2 class=\"has-orange-color has-text-color\">Restaurant und Bar in der Region Gard, in der N\u00e4he des <span class=\"fc-span\">4-Sterne-Campingplatzes Universal<\/span><\/h2>\n\n\n\n<p>Unser<strong> Snackbereich auf dem Campingplatz<\/strong> steht Ihnen zur Verf\u00fcgung und bietet alles von knusprigen Paninis bis hin zu Gourmet-Cr\u00eapes.<\/p>\n\n\n\n<p>Im Restaurantbereich bietet unsere abwechslungsreiche<strong> Speisekarte K\u00f6stlichkeiten<\/strong> wie frische Gourmet-Salate, reichhaltig belegte<strong> Pizzen<\/strong> und leckere Hacksteaks und <strong>gegrillte Rib-Eye-Steaks<\/strong>, damit Sie sich von einem erlebnisreichen <strong>Tag im Gard erholen k\u00f6nnen.<\/strong><\/p>\n\n\n\n<div class=\"wp-block-fc-gut-lire-plus fc-mob\">\n<p>Lesen Sie mehr<\/p>\n\n\n\n<div class=\"is-layout-flow wp-block-group\">\n<p>Lehnen Sie sich zur\u00fcck, entspannen Sie sich und genie\u00dfen Sie diese K\u00f6stlichkeiten in einer<strong> geselligen<\/strong> Runde.<\/p>\n\n\n\n<p>Am Abend erwacht unser Bereich mit heiteren <strong>Animationen <\/strong>zum Leben und schafft eine warme und unterhaltsame Atmosph\u00e4re f\u00fcr Jung und Alt. Ob ein <strong>k\u00f6stliches Essen mit der Familie<\/strong> oder ein <strong>lebhafter Abend mit Freunden<\/strong>, unser <strong>Restaurant und die Bar<\/strong> werden Ihre Abende begleiten.<\/p>\n<\/div>\n<\/div>\n<\/div>\n\n\n\n<div class=\"is-layout-flow wp-block-column is-vertically-aligned-center U-25__gallery\">\n<figure class=\"is-layout-flex wp-block-gallery-19 wp-block-gallery has-nested-images columns-default is-cropped fc-auto\">\n<figure class=\"wp-block-image size-large fc-auto\"><img decoding=\"async\" width=\"814\" height=\"1024\" src=\"https:\/\/www.camping-universal.com\/wp-content\/uploads\/2023\/12\/restaurant-camping-universal-dessert-814x1024.webp\" alt=\"\" class=\"wp-image-1124\" srcset=\"https:\/\/www.camping-universal.com\/wp-content\/uploads\/2023\/12\/restaurant-camping-universal-dessert-814x1024.webp 814w, https:\/\/www.camping-universal.com\/wp-content\/uploads\/2023\/12\/restaurant-camping-universal-dessert-239x300.webp 239w, https:\/\/www.camping-universal.com\/wp-content\/uploads\/2023\/12\/restaurant-camping-universal-dessert-768x966.webp 768w, https:\/\/www.camping-universal.com\/wp-content\/uploads\/2023\/12\/restaurant-camping-universal-dessert.webp 995w\" sizes=\"(max-width: 814px) 100vw, 814px\" title=\"\"><\/figure>\n\n\n\n<figure class=\"wp-block-image size-large fc-auto\"><img decoding=\"async\" width=\"564\" height=\"1024\" src=\"https:\/\/www.camping-universal.com\/wp-content\/uploads\/2023\/12\/restaurant-camping-universal-564x1024.webp\" alt=\"\" class=\"wp-image-1116\" srcset=\"https:\/\/www.camping-universal.com\/wp-content\/uploads\/2023\/12\/restaurant-camping-universal-564x1024.webp 564w, https:\/\/www.camping-universal.com\/wp-content\/uploads\/2023\/12\/restaurant-camping-universal-165x300.webp 165w, https:\/\/www.camping-universal.com\/wp-content\/uploads\/2023\/12\/restaurant-camping-universal-768x1394.webp 768w, https:\/\/www.camping-universal.com\/wp-content\/uploads\/2023\/12\/restaurant-camping-universal-846x1536.webp 846w, https:\/\/www.camping-universal.com\/wp-content\/uploads\/2023\/12\/restaurant-camping-universal-1128x2048.webp 1128w, https:\/\/www.camping-universal.com\/wp-content\/uploads\/2023\/12\/restaurant-camping-universal-scaled.webp 1410w\" sizes=\"(max-width: 564px) 100vw, 564px\" title=\"\"><figcaption class=\"wp-element-caption\"><a href=\"https:\/\/www.camping-universal.com\/de\/fotogalerie\/?galerie=activites\" data-type=\"page\"><span class=\"fc-icon camera-retro-solid\"><\/span><\/a><\/figcaption><\/figure>\n\n\n\n<figure class=\"wp-block-image size-large fc-auto\"><img decoding=\"async\" width=\"1024\" height=\"768\" src=\"https:\/\/www.camping-universal.com\/wp-content\/uploads\/2026\/01\/IMG_2076-1024x768.jpeg\" alt=\"\" class=\"wp-image-2034\" srcset=\"https:\/\/www.camping-universal.com\/wp-content\/uploads\/2026\/01\/IMG_2076-1024x768.jpeg 1024w, https:\/\/www.camping-universal.com\/wp-content\/uploads\/2026\/01\/IMG_2076-300x225.jpeg 300w, https:\/\/www.camping-universal.com\/wp-content\/uploads\/2026\/01\/IMG_2076-768x576.jpeg 768w, https:\/\/www.camping-universal.com\/wp-content\/uploads\/2026\/01\/IMG_2076-1536x1152.jpeg 1536w, https:\/\/www.camping-universal.com\/wp-content\/uploads\/2026\/01\/IMG_2076-2048x1536.jpeg 2048w\" sizes=\"(max-width: 1024px) 100vw, 1024px\" title=\"\"><\/figure>\n<\/figure>\n<\/div>\n<\/div>\n\n<div class=\"is-layout-constrained wp-block-group alignfull\">\n<figure class=\"wp-block-image size-full fc-auto\"><img decoding=\"async\" width=\"1920\" height=\"697\" src=\"https:\/\/www.camping-universal.com\/wp-content\/uploads\/2023\/12\/20230901_155939-Copie.webp\" alt=\"\" class=\"wp-image-554\" srcset=\"https:\/\/www.camping-universal.com\/wp-content\/uploads\/2023\/12\/20230901_155939-Copie.webp 1920w, https:\/\/www.camping-universal.com\/wp-content\/uploads\/2023\/12\/20230901_155939-Copie-300x109.webp 300w, https:\/\/www.camping-universal.com\/wp-content\/uploads\/2023\/12\/20230901_155939-Copie-1024x372.webp 1024w, https:\/\/www.camping-universal.com\/wp-content\/uploads\/2023\/12\/20230901_155939-Copie-768x279.webp 768w, https:\/\/www.camping-universal.com\/wp-content\/uploads\/2023\/12\/20230901_155939-Copie-1536x558.webp 1536w\" sizes=\"(max-width: 1920px) 100vw, 1920px\" title=\"\"><\/figure>\n<\/div>\n\n<div class=\"is-layout-flex wp-container-32 wp-block-columns are-vertically-aligned-center\">\n<div class=\"is-layout-flow wp-block-column is-vertically-aligned-center\">\n<h2>Campingm\u00f6glichkeiten stehen Ihnen in der<span class=\"fc-span\"> Region Gard<\/span> zur Verf\u00fcgung.<\/h2>\n\n\n\n<p>Finden Sie alles, was Sie f\u00fcr Ihren Natururlaub im Camping Universal ben\u00f6tigen, und starten Sie in den Urlaub mit der <strong>friedvollen Atmosph\u00e4re des Garten<\/strong>s. <\/p>\n\n\n\n<p>Tauchen Sie ein in den <a href=\"https:\/\/www.camping-universal.com\/de\/swimmingpool-und-riviere\/\" data-type=\"URL\" data-id=\"https:\/\/www.camping-universal.com\/piscine-et-riviere\/\">Pool des Campingplatzes in der Region Gard <\/a>und genie\u00dfen Sie die umliegende Natur oder lassen Sie sich vom sanften Rauschen des Flusses treiben. Ein Urlaub, der Entspannung und Abenteuer vereint und die perfekte Balance zwischen Wohlbefinden und Wassersport direkt am Wasser bietet. <\/p>\n\n\n\n<p>Buchen Sie jetzt Ihr Familien-Camping-Erlebnis.<\/p>\n<\/div>\n\n\n\n<div class=\"is-layout-flow wp-block-column is-vertically-aligned-center\" style=\"flex-basis:60%\">\n<div class=\"is-layout-flex wp-container-27 wp-block-columns\">\n<div class=\"is-layout-flow wp-block-column\">\n<ul class=\"pictos pictos-h\">\n<li><span class=\"fc-icon shop-solid\"><\/span>  Vor Ort\n<ul>\n<li>&#8211; Kostenloses WLAN<\/li>\n\n\n\n<li>&#8211; <strong>Lebensmittelgesch\u00e4ft<\/strong><\/li>\n\n\n\n<li>&#8211; <strong>Bibliothek<\/strong><\/li>\n\n\n\n<li>&#8211; <strong>Lebensmittelgesch\u00e4ft <\/strong><\/li>\n\n\n\n<li><strong>Neue Ladestation f\u00fcr Elektroautos<\/strong><\/li>\n<\/ul>\n<\/li>\n<\/ul>\n<\/div>\n\n\n\n<div class=\"is-layout-flow wp-block-column\">\n<ul class=\"pictos pictos-h\">\n<li><span class=\"fc-icon heart-solid\"><\/span>  Praxis\n<ul>\n<li>&#8211; <strong>Brotdepot <\/strong><\/li>\n\n\n\n<li>&#8211; <strong>Post <\/strong>(Abreise \/ Ankunft)<\/li>\n<\/ul>\n<\/li>\n<\/ul>\n<\/div>\n<\/div>\n\n\n\n<div class=\"is-layout-flex wp-container-30 wp-block-columns\">\n<div class=\"is-layout-flow wp-block-column\">\n<ul class=\"pictos pictos-h\">\n<li><span class=\"fc-icon shower-solid\"><\/span>  Sanit\u00e4r\n<ul>\n<li>&#8211; Warme Dusche<\/li>\n\n\n\n<li>&#8211; <strong>Waschraum <\/strong>(Waschmaschine \/ B\u00fcgeln)<\/li>\n\n\n\n<li>&#8211; Sanit\u00e4r PMR<\/li>\n\n\n\n<li>&#8211; <strong>Verleih <\/strong>von Bettw\u00e4sche und Handt\u00fcchern<\/li>\n<\/ul>\n<\/li>\n<\/ul>\n<\/div>\n\n\n\n<div class=\"is-layout-flow wp-block-column\">\n<ul class=\"pictos pictos-h\">\n<li><span class=\"fc-icon plus-solid\"><\/span>  Vermietungen\n<ul>\n<li>&#8211; <strong>K\u00fchlschrank<\/strong> mieten<\/li>\n\n\n\n<li>&#8211; Verleih eines <strong>Babysets<\/strong> (Regenschirmbett, Badewanne)<\/li>\n<\/ul>\n<\/li>\n<\/ul>\n<\/div>\n<\/div>\n<\/div>\n<\/div>\n","protected":false},"excerpt":{"rendered":"<p>Aktivit\u00e4ten und Dienstleistungen auf dem Naturcampingplatz im Gard Entdecken Sie unseren Naturcampingplatz mit Aktivit\u00e4ten und Unterhaltung f\u00fcr jeden Geschmack in der Region Gard! Verbringen Sie einen erholsamen Urlaub mit allem Komfort, den Sie ben\u00f6tigen. Aktivit\u00e4ten f\u00fcr Kinder Kinder k\u00f6nnen sich auf dem Spielplatz des Campingplatzes in Rochegude vergn\u00fcgen oder die speziell f\u00fcr sie eingerichteten Aktivit\u00e4ten [&hellip;]<\/p>\n","protected":false},"author":1,"featured_media":0,"parent":0,"menu_order":0,"comment_status":"closed","ping_status":"closed","template":"","meta":[],"acf":[],"_links":{"self":[{"href":"https:\/\/www.camping-universal.com\/de\/wp-json\/wp\/v2\/pages\/1325"}],"collection":[{"href":"https:\/\/www.camping-universal.com\/de\/wp-json\/wp\/v2\/pages"}],"about":[{"href":"https:\/\/www.camping-universal.com\/de\/wp-json\/wp\/v2\/types\/page"}],"author":[{"embeddable":true,"href":"https:\/\/www.camping-universal.com\/de\/wp-json\/wp\/v2\/users\/1"}],"replies":[{"embeddable":true,"href":"https:\/\/www.camping-universal.com\/de\/wp-json\/wp\/v2\/comments?post=1325"}],"version-history":[{"count":6,"href":"https:\/\/www.camping-universal.com\/de\/wp-json\/wp\/v2\/pages\/1325\/revisions"}],"predecessor-version":[{"id":2100,"href":"https:\/\/www.camping-universal.com\/de\/wp-json\/wp\/v2\/pages\/1325\/revisions\/2100"}],"wp:attachment":[{"href":"https:\/\/www.camping-universal.com\/de\/wp-json\/wp\/v2\/media?parent=1325"}],"curies":[{"name":"wp","href":"https:\/\/api.w.org\/{rel}","templated":true}]}}