{"id":1309,"date":"2023-12-19T12:33:30","date_gmt":"2023-12-19T11:33:30","guid":{"rendered":"https:\/\/www.camping-universal.com\/?page_id=1309"},"modified":"2026-01-19T17:53:02","modified_gmt":"2026-01-19T16:53:02","slug":"startseite","status":"publish","type":"page","link":"https:\/\/www.camping-universal.com\/de\/","title":{"rendered":"Startseite"},"content":{"rendered":"\n<div class=\"is-layout-flow wp-block-group alignfull diaporama-header\">\n<figure class=\"is-layout-flex wp-block-gallery-1 wp-block-gallery has-nested-images columns-default is-cropped fc-auto\">\n<figure class=\"wp-block-image size-full skip-lazy no-lazy fc-auto\"><img decoding=\"async\" width=\"1920\" height=\"760\" src=\"https:\/\/www.camping-universal.com\/wp-content\/uploads\/2023\/12\/gard-canoe-camping.webp\" alt=\"4-Sterne-Campingplatz im Gard\" class=\"wp-image-207\" srcset=\"https:\/\/www.camping-universal.com\/wp-content\/uploads\/2023\/12\/gard-canoe-camping.webp 1920w, https:\/\/www.camping-universal.com\/wp-content\/uploads\/2023\/12\/gard-canoe-camping-300x119.webp 300w, https:\/\/www.camping-universal.com\/wp-content\/uploads\/2023\/12\/gard-canoe-camping-1024x405.webp 1024w, https:\/\/www.camping-universal.com\/wp-content\/uploads\/2023\/12\/gard-canoe-camping-768x304.webp 768w, https:\/\/www.camping-universal.com\/wp-content\/uploads\/2023\/12\/gard-canoe-camping-1536x608.webp 1536w\" sizes=\"(max-width: 1920px) 100vw, 1920px\" title=\"\"><\/figure>\n<\/figure>\n\n\n\n<p class=\"has-text-align-center\"><strong>Der 4-Sterne-Campingplatz in der Region Gard<\/strong> hei\u00dft Sie vom 1. Mai bis zum 21. September 2026 willkommen.<\/p>\n\n\n\n<div class=\"is-content-justification-center is-layout-flex wp-container-3 wp-block-buttons btn_banniere\">\n<div class=\"wp-block-button btn_resa\"><a class=\"wp-block-button__link wp-element-button\"><span class=\"fc-icon calendar-check-solid\"><\/span> Suche nach deinem Aufenthalt!<\/a><\/div>\n<\/div>\n<\/div>\n\n<div class=\"is-layout-constrained wp-block-group\">\n<ul class=\"pictos col-4 pictos-h\">\n<li><span class=\"fc-icon bridge-water-solid\"><\/span> Urlaub am Wasser <span class=\"fc-span\">Camping am Flussufer: Baden garantiert!<\/span><\/li>\n\n\n\n<li><span class=\"fc-icon family-solid\"><\/span> Familiencamping <span class=\"fc-span\">Machen Sie Urlaub auf einem Familiencampingplatz im Departement Gard.<\/span><\/li>\n\n\n\n<li><span class=\"fc-icon trees-solid\"><\/span> Tanken Sie inmitten der Natur neue Energie w\u00e4hrend Ihres Natururlaubs.<\/li>\n\n\n\n<li><span class=\"fc-icon camera-retro-solid\"><\/span> Entdeckung der Region <span class=\"fc-span\">Landschaften und Aktivit\u00e4ten, die es zu entdecken gilt!<\/span><\/li>\n<\/ul>\n<\/div>\n\n<div class=\"is-layout-constrained wp-block-group U-10\">\n<div class=\"is-layout-flex wp-container-11 wp-block-columns reverse-mob\">\n<div class=\"is-layout-flow wp-block-column\">\n<figure class=\"wp-block-image size-full fc-full\"><img decoding=\"async\" width=\"1024\" height=\"670\" src=\"https:\/\/www.camping-universal.com\/wp-content\/uploads\/2023\/12\/batch_cabanes06.webp\" alt=\"4-Sterne-Campingplatz in Rochegude \" class=\"wp-image-214\" srcset=\"https:\/\/www.camping-universal.com\/wp-content\/uploads\/2023\/12\/batch_cabanes06.webp 1024w, https:\/\/www.camping-universal.com\/wp-content\/uploads\/2023\/12\/batch_cabanes06-300x196.webp 300w, https:\/\/www.camping-universal.com\/wp-content\/uploads\/2023\/12\/batch_cabanes06-768x503.webp 768w\" sizes=\"(max-width: 1024px) 100vw, 1024px\" title=\"\"><\/figure>\n<\/div>\n\n\n\n<div class=\"is-layout-flow wp-block-column U-10__texte\">\n<h1>4-Sterne-Campingplatz im <span class=\"fc-span\">Gard<\/span><\/h1>\n\n\n\n<p class=\"stars-flex has-vert-color has-text-color\"><span class=\"fc-icon star-solid\"><\/span><span class=\"fc-icon star-solid\"><\/span><span class=\"fc-icon star-solid\"><\/span><span class=\"fc-icon star-solid\"><\/span><\/p>\n\n\n\n<p>Unser Campingplatz liegt weniger als 10 Minuten von <strong>Barjac<\/strong> und den Thermalkuren von Les Fumades entfernt. Er empf\u00e4ngt Sie inmitten eines 4,5 Hektar gro\u00dfen Parks mit 90 gro\u00dfen und schattigen <strong>Stellpl\u00e4tzen <\/strong>, die von einer gro\u00dfz\u00fcgigen und duftenden Vegetation gezeichnet sind.<\/p>\n\n\n\n<p>Als<strong> \u00fcberschaubarer<\/strong><strong>Familiencampingplatz<\/strong> finden Sie hier eine beruhigende, von Vogelgezwitscher gef\u00e4rbte Atmosph\u00e4re mit vielen <strong>Freizeitangeboten <\/strong>zum Entspannen und Spa\u00df haben.<\/p>\n\n\n\n<div class=\"is-layout-flex wp-block-buttons\">\n<div class=\"wp-block-button fc-style-2\"><a class=\"wp-block-button__link wp-element-button\" href=\"https:\/\/reservation.secureholiday.net\/fr\/3763\/gift-voucher\" target=\"_blank\" rel=\"noreferrer noopener\">Sie m\u00f6chten einen Geschenkgutschein verschenken?<br\/>Entdecken Sie unsere Angebote <span class=\"fc-icon arrow-up-right-from-square-solid\"><\/span><\/a><\/div>\n<\/div>\n\n\n\n<div class=\"is-layout-flex wp-block-buttons\">\n<div class=\"wp-block-button btn_resa\"><a class=\"wp-block-button__link wp-element-button\">Buchen Sie meinen Aufenthalt<\/a><\/div>\n<\/div>\n<\/div>\n\n\n\n<div class=\"is-layout-flow wp-block-column U-10__map\">\n<figure class=\"wp-block-image size-full fc-auto\"><img decoding=\"async\" width=\"595\" height=\"641\" src=\"https:\/\/www.camping-universal.com\/wp-content\/uploads\/2025\/01\/carte-universal.webp\" alt=\"4-Sterne-Campingplatz im Gard\" class=\"wp-image-1756\" srcset=\"https:\/\/www.camping-universal.com\/wp-content\/uploads\/2025\/01\/carte-universal.webp 595w, https:\/\/www.camping-universal.com\/wp-content\/uploads\/2025\/01\/carte-universal-278x300.webp 278w\" sizes=\"(max-width: 595px) 100vw, 595px\" title=\"\"><\/figure>\n<\/div>\n<\/div>\n\n\n\n<div class=\"is-layout-flex wp-container-14 wp-block-columns U-05__images\">\n<div class=\"is-layout-flow wp-block-column hide-mob U-10__large\">\n<figure class=\"wp-block-image size-full fc-full\"><img decoding=\"async\" width=\"1024\" height=\"670\" src=\"https:\/\/www.camping-universal.com\/wp-content\/uploads\/2023\/12\/batch_cabanes06-2.webp\" alt=\"4-Sterne-Campingplatz mit Swimmingpool am Fluss\" class=\"wp-image-222\" srcset=\"https:\/\/www.camping-universal.com\/wp-content\/uploads\/2023\/12\/batch_cabanes06-2.webp 1024w, https:\/\/www.camping-universal.com\/wp-content\/uploads\/2023\/12\/batch_cabanes06-2-300x196.webp 300w, https:\/\/www.camping-universal.com\/wp-content\/uploads\/2023\/12\/batch_cabanes06-2-768x503.webp 768w\" sizes=\"(max-width: 1024px) 100vw, 1024px\" title=\"\"><\/figure>\n<\/div>\n\n\n\n<div class=\"is-layout-flow wp-block-column U-10__square\">\n<figure class=\"wp-block-image size-full fc-auto\"><img decoding=\"async\" width=\"1024\" height=\"671\" src=\"https:\/\/www.camping-universal.com\/wp-content\/uploads\/2023\/12\/batch_cabanes06-1.webp\" alt=\"4-Sterne-Campingplatz am Flussufer\" class=\"wp-image-218\" srcset=\"https:\/\/www.camping-universal.com\/wp-content\/uploads\/2023\/12\/batch_cabanes06-1.webp 1024w, https:\/\/www.camping-universal.com\/wp-content\/uploads\/2023\/12\/batch_cabanes06-1-300x197.webp 300w, https:\/\/www.camping-universal.com\/wp-content\/uploads\/2023\/12\/batch_cabanes06-1-768x503.webp 768w\" sizes=\"(max-width: 1024px) 100vw, 1024px\" title=\"\"><\/figure>\n\n\n\n<p class=\"h3 deco--arrow-bound has-orange-color has-text-color\">Mit den F\u00fc\u00dfen im Wasser<\/p>\n\n\n\n<p>Mit seinem direkten Zugang zum <strong>Flussufer<\/strong> l\u00e4dt der Campingplatz Sie dazu ein, mit den F\u00fc\u00dfen im Wasser zu flanieren.<\/p>\n<\/div>\n<\/div>\n<\/div>\n\n<div class=\"is-layout-flex wp-container-21 wp-block-columns alignfull are-vertically-aligned-center U-15 has-vert-clair-background-color has-background\">\n<div class=\"is-layout-flow wp-block-column is-vertically-aligned-center\">\n<h2>Genie\u00dfen Sie einen Campingpl <span class=\"fc-span\">mit Schwimmbad im Gard<\/span>atz<\/h2>\n\n\n\n<p><strong><a href=\"https:\/\/www.camping-universal.com\/de\/swimmingpool-und-riviere\/\" data-type=\"URL\" data-id=\"https:\/\/www.camping-universal.com\/piscine-et-riviere\/\">Der beheizte Swimmingpool des Campingplatzes<\/a><\/strong> bietet Ihnen w\u00e4hrend Ihres Campingurlaubs im Gard auch die M\u00f6glichkeit f\u00fcr vergn\u00fcgliche und erfrischende Momente unter der Sonne.<\/p>\n\n\n\n<p class=\"h4 has-vert-color has-text-color\">Am Wasser<\/p>\n\n\n\n<p>Der Fluss ist ideal, um sich abzuk\u00fchlen, und wird Gro\u00df und <strong>Klein<\/strong> begeistern. Spielen, Schwimmen und Lachen Sie sicher in diesem flachen Flussarm. <\/p>\n\n\n\n<ul class=\"pictos col-3\">\n<li><span class=\"fc-icon sunglasses-solid\"><\/span>  Solariumbereich<\/li>\n\n\n\n<li><span class=\"fc-icon water-ladder-solid\"><\/span> Swimmingpool au\u00dfen<\/li>\n\n\n\n<li><span class=\"fc-icon volleyball-solid\"><\/span>  Wasserspiele<\/li>\n<\/ul>\n<\/div>\n\n\n\n<div class=\"is-layout-flow wp-block-column is-vertically-aligned-center\" style=\"flex-basis:60%\">\n<figure class=\"is-layout-flex wp-block-gallery-17 wp-block-gallery has-nested-images columns-default is-cropped U-15__gallery fc-auto\">\n<figure class=\"wp-block-image size-large fc-auto\"><img decoding=\"async\" width=\"1024\" height=\"670\" src=\"https:\/\/www.camping-universal.com\/wp-content\/uploads\/2023\/12\/batch_activites02.webp\" alt=\"Der beheizte Swimmingpool des Campingplatzes bietet Ihnen w&#xE4;hrend Ihres Campingurlaubs im Gard auch die M&#xF6;glichkeit f&#xFC;r erholsame und erfrischende Momente unter der Sonne.\" class=\"wp-image-230\" srcset=\"https:\/\/www.camping-universal.com\/wp-content\/uploads\/2023\/12\/batch_activites02.webp 1024w, https:\/\/www.camping-universal.com\/wp-content\/uploads\/2023\/12\/batch_activites02-300x196.webp 300w, https:\/\/www.camping-universal.com\/wp-content\/uploads\/2023\/12\/batch_activites02-768x503.webp 768w\" sizes=\"(max-width: 1024px) 100vw, 1024px\" title=\"\"><\/figure>\n\n\n\n<figure class=\"wp-block-image size-large fc-auto\"><img decoding=\"async\" width=\"1024\" height=\"670\" src=\"https:\/\/www.camping-universal.com\/wp-content\/uploads\/2023\/12\/batch_activites01-1.webp\" alt=\"Schwimmbad auf dem 4-Sterne-Campingplatz am Flussufer\" class=\"wp-image-238\" srcset=\"https:\/\/www.camping-universal.com\/wp-content\/uploads\/2023\/12\/batch_activites01-1.webp 1024w, https:\/\/www.camping-universal.com\/wp-content\/uploads\/2023\/12\/batch_activites01-1-300x196.webp 300w, https:\/\/www.camping-universal.com\/wp-content\/uploads\/2023\/12\/batch_activites01-1-768x503.webp 768w\" sizes=\"(max-width: 1024px) 100vw, 1024px\" title=\"\"><figcaption class=\"wp-element-caption\"><a href=\"https:\/\/www.camping-universal.com\/de\/fotogalerie\/?galerie=piscine\" data-type=\"page\" data-id=\"142\"><span class=\"fc-icon camera-retro-solid\"><\/span><\/a><\/figcaption><\/figure>\n\n\n\n<figure class=\"wp-block-image size-large fc-auto\"><img decoding=\"async\" width=\"1024\" height=\"670\" src=\"https:\/\/www.camping-universal.com\/wp-content\/uploads\/2023\/12\/batch_activites02-1.webp\" alt=\"Campingplatz am Fluss im Garten\" class=\"wp-image-234\" srcset=\"https:\/\/www.camping-universal.com\/wp-content\/uploads\/2023\/12\/batch_activites02-1.webp 1024w, https:\/\/www.camping-universal.com\/wp-content\/uploads\/2023\/12\/batch_activites02-1-300x196.webp 300w, https:\/\/www.camping-universal.com\/wp-content\/uploads\/2023\/12\/batch_activites02-1-768x503.webp 768w\" sizes=\"(max-width: 1024px) 100vw, 1024px\" title=\"\"><\/figure>\n<\/figure>\n\n\n\n<div class=\"is-layout-flex wp-block-buttons\">\n<div class=\"wp-block-button\"><a class=\"wp-block-button__link wp-element-button\" href=\"https:\/\/www.camping-universal.com\/de\/swimmingpool-und-riviere\/\">Badegebiete<\/a><\/div>\n<\/div>\n<\/div>\n<\/div>\n\n<div class=\"is-layout-constrained wp-block-group U-20\">\n<div class=\"is-layout-flex wp-container-24 wp-block-columns\">\n<div class=\"is-layout-flow wp-block-column\">\n<h2 class=\"has-orange-color has-text-color\">Entscheiden Sie sich f\u00fcr einen authentischen Urlaub <span class=\"fc-span\">auf dem Naturcampingplatz Gard<\/span><\/h2>\n\n\n\n<p>F\u00fcr Ihren Komfort bieten wir verschiedene <strong>Camping-Mietoptionen an<\/strong>: <a href=\"https:\/\/www.camping-universal.com\/de\/unterkuenfte\/\" data-type=\"URL\" data-id=\"https:\/\/www.camping-universal.com\/hebergements\/\">Mobilheime<\/a>, <strong>Chalets auf Stelzen <\/strong>und f\u00fcr die Abenteuerlustigen wundersch\u00f6ne und<strong> gro\u00dfe Baumh\u00e4user!<\/strong><\/p>\n<\/div>\n\n\n\n<div class=\"is-layout-flow wp-block-column steps-resa\">\n<ul class=\"pictos has-orange-color has-text-color\">\n<li><span class=\"fc-icon house-tree-solid\"><\/span>  W\u00e4hlen Sie Ihren Standort<\/li>\n\n\n\n<li><span class=\"fc-icon calendar-check-solid\"><\/span> Buchen Sie Ihren Aufenthalt<\/li>\n\n\n\n<li><span class=\"fc-icon sun-solid\"><\/span>  Genie\u00dfen Sie Ihren Urlaub<\/li>\n<\/ul>\n<\/div>\n<\/div>\n\n\n\n<figure class=\"is-layout-flex wp-block-gallery-25 wp-block-gallery has-nested-images columns-4 is-cropped fc-diapo-mob fc-auto\">\n<figure class=\"wp-block-image size-large fc-auto\"><img decoding=\"async\" width=\"1024\" height=\"671\" src=\"https:\/\/www.camping-universal.com\/wp-content\/uploads\/2023\/12\/batch_mobilhomes05-2.webp\" alt=\"Mobilheim auf dem Campingplatz in der Region Gard\" class=\"wp-image-246\" srcset=\"https:\/\/www.camping-universal.com\/wp-content\/uploads\/2023\/12\/batch_mobilhomes05-2.webp 1024w, https:\/\/www.camping-universal.com\/wp-content\/uploads\/2023\/12\/batch_mobilhomes05-2-300x197.webp 300w, https:\/\/www.camping-universal.com\/wp-content\/uploads\/2023\/12\/batch_mobilhomes05-2-768x503.webp 768w\" sizes=\"(max-width: 1024px) 100vw, 1024px\" title=\"\"><figcaption class=\"wp-element-caption\">Mobilheime<\/figcaption><\/figure>\n\n\n\n<figure class=\"wp-block-image size-large fc-auto\"><img decoding=\"async\" width=\"1024\" height=\"671\" src=\"https:\/\/www.camping-universal.com\/wp-content\/uploads\/2023\/12\/batch_camping05-2.webp\" alt=\"Lage des Campingplatzes im Garten\" class=\"wp-image-247\" srcset=\"https:\/\/www.camping-universal.com\/wp-content\/uploads\/2023\/12\/batch_camping05-2.webp 1024w, https:\/\/www.camping-universal.com\/wp-content\/uploads\/2023\/12\/batch_camping05-2-300x197.webp 300w, https:\/\/www.camping-universal.com\/wp-content\/uploads\/2023\/12\/batch_camping05-2-768x503.webp 768w\" sizes=\"(max-width: 1024px) 100vw, 1024px\" title=\"\"><figcaption class=\"wp-element-caption\">Standorte<\/figcaption><\/figure>\n\n\n\n<figure class=\"wp-block-image size-large deco--arrow-focus fc-auto\"><img decoding=\"async\" width=\"1024\" height=\"671\" src=\"https:\/\/www.camping-universal.com\/wp-content\/uploads\/2023\/12\/batch_cabanes05.webp\" alt=\"H&#xFC;tte auf dem Campingplatz in der Region Gard\" class=\"wp-image-248\" srcset=\"https:\/\/www.camping-universal.com\/wp-content\/uploads\/2023\/12\/batch_cabanes05.webp 1024w, https:\/\/www.camping-universal.com\/wp-content\/uploads\/2023\/12\/batch_cabanes05-300x197.webp 300w, https:\/\/www.camping-universal.com\/wp-content\/uploads\/2023\/12\/batch_cabanes05-768x503.webp 768w\" sizes=\"(max-width: 1024px) 100vw, 1024px\" title=\"\"><figcaption class=\"wp-element-caption\">H\u00fctten<\/figcaption><\/figure>\n\n\n\n<figure class=\"wp-block-image size-large fc-auto\"><img decoding=\"async\" width=\"1024\" height=\"671\" src=\"https:\/\/www.camping-universal.com\/wp-content\/uploads\/2023\/12\/batch_roulotte_max.webp\" alt=\"Wohnwagen auf dem Campingplatz im Garten\" class=\"wp-image-258\" srcset=\"https:\/\/www.camping-universal.com\/wp-content\/uploads\/2023\/12\/batch_roulotte_max.webp 1024w, https:\/\/www.camping-universal.com\/wp-content\/uploads\/2023\/12\/batch_roulotte_max-300x197.webp 300w, https:\/\/www.camping-universal.com\/wp-content\/uploads\/2023\/12\/batch_roulotte_max-768x503.webp 768w\" sizes=\"(max-width: 1024px) 100vw, 1024px\" title=\"\"><figcaption class=\"wp-element-caption\">Wohnwagen<\/figcaption><\/figure>\n<\/figure>\n\n\n\n<div class=\"is-content-justification-center is-layout-flex wp-container-27 wp-block-buttons\">\n<div class=\"wp-block-button fc-style-1\"><a class=\"wp-block-button__link wp-element-button\" href=\"https:\/\/www.camping-universal.com\/de\/unterkuenfte\/\">Unterk\u00fcnfte ansehen<\/a><\/div>\n\n\n\n<div class=\"wp-block-button\"><a class=\"wp-block-button__link wp-element-button\" href=\"https:\/\/www.camping-universal.com\/de\/standorte\/\">Siehe Standorte<\/a><\/div>\n\n\n\n<div class=\"wp-block-button btn_resa\"><a class=\"wp-block-button__link wp-element-button\">Schnell buchen<\/a><\/div>\n<\/div>\n<\/div>\n\n<div class=\"is-layout-constrained wp-block-group alignfull\">\n<figure class=\"wp-block-image size-full fc-auto\"><img decoding=\"async\" width=\"1920\" height=\"800\" src=\"https:\/\/www.camping-universal.com\/wp-content\/uploads\/2023\/12\/Rectangle-4.webp\" alt=\"Fluss in der N&#xE4;he des Campingplatzes im Garten\" class=\"wp-image-265\" srcset=\"https:\/\/www.camping-universal.com\/wp-content\/uploads\/2023\/12\/Rectangle-4.webp 1920w, https:\/\/www.camping-universal.com\/wp-content\/uploads\/2023\/12\/Rectangle-4-300x125.webp 300w, https:\/\/www.camping-universal.com\/wp-content\/uploads\/2023\/12\/Rectangle-4-1024x427.webp 1024w, https:\/\/www.camping-universal.com\/wp-content\/uploads\/2023\/12\/Rectangle-4-768x320.webp 768w, https:\/\/www.camping-universal.com\/wp-content\/uploads\/2023\/12\/Rectangle-4-1536x640.webp 1536w\" sizes=\"(max-width: 1920px) 100vw, 1920px\" title=\"\"><\/figure>\n<\/div>\n\n<div class=\"is-layout-flex wp-container-35 wp-block-columns are-vertically-aligned-center U-25 reverse-mob\">\n<div class=\"is-layout-flow wp-block-column is-vertically-aligned-center U-25__gallery\">\n<figure class=\"is-layout-flex wp-block-gallery-30 wp-block-gallery has-nested-images columns-default is-cropped fc-auto\">\n<figure class=\"wp-block-image size-full fc-auto\"><img decoding=\"async\" width=\"1024\" height=\"1024\" src=\"https:\/\/www.camping-universal.com\/wp-content\/uploads\/2023\/12\/20230813_174242.webp\" alt=\"4-Sterne-Campingplatz mit Schwimmbad in der Region Gard\" class=\"wp-image-351\" srcset=\"https:\/\/www.camping-universal.com\/wp-content\/uploads\/2023\/12\/20230813_174242.webp 1024w, https:\/\/www.camping-universal.com\/wp-content\/uploads\/2023\/12\/20230813_174242-300x300.webp 300w, https:\/\/www.camping-universal.com\/wp-content\/uploads\/2023\/12\/20230813_174242-150x150.webp 150w, https:\/\/www.camping-universal.com\/wp-content\/uploads\/2023\/12\/20230813_174242-768x768.webp 768w\" sizes=\"(max-width: 1024px) 100vw, 1024px\" title=\"\"><\/figure>\n\n\n\n<figure class=\"wp-block-image size-full fc-auto\"><img decoding=\"async\" width=\"694\" height=\"1024\" src=\"https:\/\/www.camping-universal.com\/wp-content\/uploads\/2023\/12\/activites05-p.webp\" alt=\"Spiele in der N&#xE4;he des Campingplatzes im Garten\" class=\"wp-image-318\" srcset=\"https:\/\/www.camping-universal.com\/wp-content\/uploads\/2023\/12\/activites05-p.webp 694w, https:\/\/www.camping-universal.com\/wp-content\/uploads\/2023\/12\/activites05-p-203x300.webp 203w\" sizes=\"(max-width: 694px) 100vw, 694px\" title=\"\"><\/figure>\n\n\n\n<figure class=\"wp-block-image size-large fc-auto\"><img decoding=\"async\" width=\"1008\" height=\"670\" src=\"https:\/\/www.camping-universal.com\/wp-content\/uploads\/2023\/12\/batch_activites06.webp\" alt=\"Fluss in der N&#xE4;he des Campingplatzes im Garten\" class=\"wp-image-269\" srcset=\"https:\/\/www.camping-universal.com\/wp-content\/uploads\/2023\/12\/batch_activites06.webp 1008w, https:\/\/www.camping-universal.com\/wp-content\/uploads\/2023\/12\/batch_activites06-300x199.webp 300w, https:\/\/www.camping-universal.com\/wp-content\/uploads\/2023\/12\/batch_activites06-768x510.webp 768w\" sizes=\"(max-width: 1008px) 100vw, 1008px\" title=\"\"><figcaption class=\"wp-element-caption\"><a href=\"https:\/\/www.camping-universal.com\/de\/fotogalerie\/?galerie=activites\" data-type=\"page\" data-id=\"142\"><span class=\"fc-icon camera-retro-solid\"><\/span><\/a><\/figcaption><\/figure>\n<\/figure>\n<\/div>\n\n\n\n<div class=\"is-layout-flow wp-block-column is-vertically-aligned-center\" style=\"flex-basis:36%\">\n<h2>Was kann man auf dem Campingplatz in Rochegude unternehmen? <span class=\"fc-span\">Animationen f\u00fcr unvergessliche Momente<\/span><\/h2>\n\n\n\n<p>Bei einem <strong>gem\u00fctlichen Essen<\/strong> oder bei <strong>Themenabenden<\/strong> sind die Camper eingeladen, sich zu entspannen und unvergessliche Erinnerungen zu schaffen.<\/p>\n\n\n\n<p>Die j\u00fcngeren Camper k\u00f6nnen sich derweil auf dem Spielplatz des <strong>Campingplatzes austoben<\/strong>, mit<strong> Schaukeln, Rutschen und einem Baumhaus<\/strong>.<\/p>\n\n\n\n<div class=\"is-layout-flex wp-block-buttons\">\n<div class=\"wp-block-button\"><a class=\"wp-block-button__link wp-element-button\" href=\"https:\/\/www.camping-universal.com\/de\/?page_id=1325\">Siehe Aktivit\u00e4ten auf dem Campingplatz<\/a><\/div>\n<\/div>\n<\/div>\n<\/div>\n\n<div class=\"is-layout-flex wp-container-42 wp-block-columns are-vertically-aligned-center U-30\">\n<div class=\"is-layout-flow wp-block-column is-vertically-aligned-center U-30__texte\" style=\"flex-basis:40.5%\">\n<h2 class=\"deco--arrow-dash has-orange-color has-text-color\">Tourismus im Departement Gard: <span class=\"fc-span\">Aktivit\u00e4ten und Landschaften, die es zu entdecken<\/span> gilt!<\/h2>\n\n\n\n<p>Machen Sie sich auf den Weg, um <strong>das Gard zu entdecken<\/strong>, eine Region, die reich an <strong>Geschichte<\/strong>, <strong>Kultur <\/strong>und Naturr\u00e4umen ist. Sie k\u00f6nnen atemberaubende Naturlandschaften wie den <strong>Pont du Gard<\/strong>, ein majest\u00e4tisches Aqu\u00e4dukt und <strong>charmante D\u00f6rfer<\/strong> entdecken. Die Region bietet ihren Besuchern eine au\u00dfergew\u00f6hnliche Reise. Lassen Sie sich von den <a href=\"https:\/\/www.camping-universal.com\/de\/alentours\/thermes-des-fumades\/\" data-type=\"alentours\" data-id=\"1150\">Thermalkuren in Les Fumades<\/a> zu einer Wellness-Pause verf\u00fchren.<\/p>\n\n\n\n<div class=\"wp-block-fc-gut-lire-plus fc-mob\">\n<p>Lesen Sie mehr<\/p>\n\n\n\n<div class=\"is-layout-flow wp-block-group\">\n<p>An <strong>Aktivit\u00e4ten im Gard<\/strong> mangelt es nicht, sei es eine <strong>Weinprobe<\/strong> in den ber\u00fchmten <strong>Weing\u00fctern <\/strong>der Region, eine <strong>Wanderung <\/strong>durch die <strong>Gardon-Schlucht<\/strong> oder Entspannung auf den farbenfrohen <strong>provenzalischen M\u00e4rkten<\/strong>.<\/p>\n\n\n\n<p>Mit seinem sonnigen Mittelmeerklima eignet sich das Gard auch zum Entspannen am Mittelmeer &#8211; f\u00fcr einen gelungenen Urlaub!<\/p>\n<\/div>\n<\/div>\n\n\n\n<div class=\"is-layout-flex wp-block-buttons\">\n<div class=\"wp-block-button fc-style-1\"><a class=\"wp-block-button__link wp-element-button\" href=\"https:\/\/www.camping-universal.com\/de\/tourismus-gard\/\">In der Umgebung<\/a><\/div>\n<\/div>\n<\/div>\n\n\n\n<div class=\"is-layout-flow wp-block-column is-vertically-aligned-center U-30__gallery\">\n<figure class=\"is-layout-flex wp-block-gallery-39 wp-block-gallery has-nested-images columns-default is-cropped fc-auto\">\n<figure class=\"wp-block-image size-large fc-auto\"><img decoding=\"async\" width=\"1024\" height=\"670\" src=\"https:\/\/www.camping-universal.com\/wp-content\/uploads\/2023\/12\/batch_theo-aartsma-AL41WKbT2T0-unsplash.webp\" alt=\"Aussicht in der N&#xE4;he des Campingplatzes im Garten\" class=\"wp-image-278\" srcset=\"https:\/\/www.camping-universal.com\/wp-content\/uploads\/2023\/12\/batch_theo-aartsma-AL41WKbT2T0-unsplash.webp 1024w, https:\/\/www.camping-universal.com\/wp-content\/uploads\/2023\/12\/batch_theo-aartsma-AL41WKbT2T0-unsplash-300x196.webp 300w, https:\/\/www.camping-universal.com\/wp-content\/uploads\/2023\/12\/batch_theo-aartsma-AL41WKbT2T0-unsplash-768x503.webp 768w\" sizes=\"(max-width: 1024px) 100vw, 1024px\" title=\"\"><\/figure>\n\n\n\n<figure class=\"wp-block-image size-full fc-auto\"><img decoding=\"async\" width=\"1000\" height=\"750\" src=\"https:\/\/www.camping-universal.com\/wp-content\/uploads\/2023\/12\/region04.jpg\" alt=\"\" class=\"wp-image-874\" srcset=\"https:\/\/www.camping-universal.com\/wp-content\/uploads\/2023\/12\/region04.jpg 1000w, https:\/\/www.camping-universal.com\/wp-content\/uploads\/2023\/12\/region04-300x225.jpg 300w, https:\/\/www.camping-universal.com\/wp-content\/uploads\/2023\/12\/region04-768x576.jpg 768w\" sizes=\"(max-width: 1000px) 100vw, 1000px\" title=\"\"><figcaption class=\"wp-element-caption\">Rochegude<\/figcaption><\/figure>\n\n\n\n<figure class=\"wp-block-image size-large has-orange-color fc-auto\"><img decoding=\"async\" width=\"1024\" height=\"670\" src=\"https:\/\/www.camping-universal.com\/wp-content\/uploads\/2023\/12\/batch_bernd-dittrich-02fCL0K4dLY-unsplash.webp\" alt=\"Kajakfahren in der N&#xE4;he des 4-Sterne-Campingplatzes im Gard\" class=\"wp-image-281\" srcset=\"https:\/\/www.camping-universal.com\/wp-content\/uploads\/2023\/12\/batch_bernd-dittrich-02fCL0K4dLY-unsplash.webp 1024w, https:\/\/www.camping-universal.com\/wp-content\/uploads\/2023\/12\/batch_bernd-dittrich-02fCL0K4dLY-unsplash-300x196.webp 300w, https:\/\/www.camping-universal.com\/wp-content\/uploads\/2023\/12\/batch_bernd-dittrich-02fCL0K4dLY-unsplash-768x503.webp 768w\" sizes=\"(max-width: 1024px) 100vw, 1024px\" title=\"\"><figcaption class=\"wp-element-caption\"><a href=\"https:\/\/www.camping-universal.com\/de\/fotogalerie\/?galerie=alentours\" data-type=\"page\"><span class=\"fc-icon camera-retro-solid\"><\/span><\/a><\/figcaption><\/figure>\n<\/figure>\n<\/div>\n<\/div>\n","protected":false},"excerpt":{"rendered":"<p>Der 4-Sterne-Campingplatz in der Region Gard hei\u00dft Sie vom 1. Mai bis zum 21. September 2026 willkommen. 4-Sterne-Campingplatz im Gard Unser Campingplatz liegt weniger als 10 Minuten von Barjac und den Thermalkuren von Les Fumades entfernt. Er empf\u00e4ngt Sie inmitten eines 4,5 Hektar gro\u00dfen Parks mit 90 gro\u00dfen und schattigen Stellpl\u00e4tzen , die von einer [&hellip;]<\/p>\n","protected":false},"author":1,"featured_media":0,"parent":0,"menu_order":0,"comment_status":"closed","ping_status":"closed","template":"","meta":[],"acf":[],"_links":{"self":[{"href":"https:\/\/www.camping-universal.com\/de\/wp-json\/wp\/v2\/pages\/1309"}],"collection":[{"href":"https:\/\/www.camping-universal.com\/de\/wp-json\/wp\/v2\/pages"}],"about":[{"href":"https:\/\/www.camping-universal.com\/de\/wp-json\/wp\/v2\/types\/page"}],"author":[{"embeddable":true,"href":"https:\/\/www.camping-universal.com\/de\/wp-json\/wp\/v2\/users\/1"}],"replies":[{"embeddable":true,"href":"https:\/\/www.camping-universal.com\/de\/wp-json\/wp\/v2\/comments?post=1309"}],"version-history":[{"count":6,"href":"https:\/\/www.camping-universal.com\/de\/wp-json\/wp\/v2\/pages\/1309\/revisions"}],"predecessor-version":[{"id":1950,"href":"https:\/\/www.camping-universal.com\/de\/wp-json\/wp\/v2\/pages\/1309\/revisions\/1950"}],"wp:attachment":[{"href":"https:\/\/www.camping-universal.com\/de\/wp-json\/wp\/v2\/media?parent=1309"}],"curies":[{"name":"wp","href":"https:\/\/api.w.org\/{rel}","templated":true}]}}