{"id":1289,"date":"2023-12-19T12:33:14","date_gmt":"2023-12-19T11:33:14","guid":{"rendered":"https:\/\/www.camping-universal.com\/?page_id=1289"},"modified":"2026-01-22T16:59:57","modified_gmt":"2026-01-22T15:59:57","slug":"unterkuenfte","status":"publish","type":"page","link":"https:\/\/www.camping-universal.com\/de\/unterkuenfte\/","title":{"rendered":"Unterk\u00fcnfte"},"content":{"rendered":"\n<div class=\"is-layout-flow wp-block-group alignfull diaporama-header\">\n<figure class=\"is-layout-flex wp-block-gallery-1 wp-block-gallery has-nested-images columns-default is-cropped fc-auto\">\n<figure class=\"wp-block-image size-full fc-auto\"><img decoding=\"async\" width=\"1920\" height=\"1152\" src=\"https:\/\/www.camping-universal.com\/wp-content\/uploads\/2023\/12\/20220529_103643.webp\" alt=\"Mobilheimvermietung in Gard\" class=\"wp-image-356\" srcset=\"https:\/\/www.camping-universal.com\/wp-content\/uploads\/2023\/12\/20220529_103643.webp 1920w, https:\/\/www.camping-universal.com\/wp-content\/uploads\/2023\/12\/20220529_103643-300x180.webp 300w, https:\/\/www.camping-universal.com\/wp-content\/uploads\/2023\/12\/20220529_103643-1024x614.webp 1024w, https:\/\/www.camping-universal.com\/wp-content\/uploads\/2023\/12\/20220529_103643-768x461.webp 768w, https:\/\/www.camping-universal.com\/wp-content\/uploads\/2023\/12\/20220529_103643-1536x922.webp 1536w\" sizes=\"(max-width: 1920px) 100vw, 1920px\" title=\"\"><\/figure>\n<\/figure>\n<\/div>\n\n<div class=\"is-layout-constrained wp-block-group\">\n<h1 class=\"has-text-align-center\">Vermietung von <span class=\"fc-span\">Mobilheimen in der Gard-Region<\/span><\/h1>\n\n\n\n<ul class=\"pictos pictos-h centre\">\n<li><span class=\"fc-icon house-tree-solid\"><\/span> Klimatisierte <span class=\"fc-span\">Mobilheime mitten in der Natur<\/span><\/li>\n\n\n\n<li><span class=\"fc-icon trees-solid\"><\/span> Ungew\u00f6hnliche <span class=\"fc-span\">Baumhausvermietungen<\/span><\/li>\n\n\n\n<li><span class=\"fc-icon family-solid\"><\/span> Erholsamer Aufenthalt auf einem Familiencampingplatz<\/li>\n\n\n\n<li><span class=\"fc-icon leaf-heart-solid\"><\/span> Sich zwischen <span class=\"fc-span\">Ruhe und Natur erholen<\/span><\/li>\n<\/ul>\n\n\n\n<p class=\"has-text-align-center\">Entdecken Sie einzigartige Aufenthalte in unseren <strong>familienfreundlichen Mobilheimen<\/strong> und<strong> Baumh\u00e4usern<\/strong>, eingebettet in <a href=\"https:\/\/www.camping-universal.com\/de\/swimmingpool-und-riviere\/\" data-type=\"URL\" data-id=\"https:\/\/www.camping-universal.com\/piscine-et-riviere\/\">einen ruhigen Campingplatz am Flussufer im Gard.<\/a> Genie\u00dfen Sie den Komfort und alle Annehmlichkeiten, w\u00e4hrend Sie sich mit der Natur verbinden. Buchen Sie jetzt f\u00fcr einen idyllischen Urlaub inmitten eines <strong>gesch\u00fctzten Naturraums im Gard.<\/strong> <\/p>\n\n\n\n<p>Unser Campingplatz liegt inmitten eines 4,5 Hektar gro\u00dfen Waldparks und bietet 90 ger\u00e4umige und schattige Stellpl\u00e4tze, die sich harmonisch in die \u00fcppige und duftende Vegetation einf\u00fcgen. Ob Sie traditionelles Camping oder den Komfort von Mobilheimen bevorzugen \u2013 unser Campingplatz wird Ihren Anspr\u00fcchen gerecht. <\/p>\n\n\n\n<p>Mit der Wahl eines unserer Mobilheime genie\u00dfen Sie eine moderne und funktionale Unterkunft in der Region Gard, die sich perfekt in unsere gr\u00fcne Umgebung einf\u00fcgt.<\/p>\n\n\n\n<div class=\"is-content-justification-center is-layout-flex wp-container-4 wp-block-buttons\">\n<div class=\"wp-block-button fc-style-2\"><a class=\"wp-block-button__link wp-element-button\" href=\"https:\/\/www.camping-universal.com\/wp-content\/uploads\/2023\/12\/plan-camping.jpg\" target=\"_blank\" rel=\"noreferrer noopener\">Entdecken Sie den Plan des Campingplatzes <span class=\"fc-icon map-solid\"><\/span><\/a><\/div>\n<\/div>\n<\/div>\n\n<div class=\"is-layout-flex wp-container-13 wp-block-columns alignfull are-vertically-aligned-center U-15 has-orange-clair-background-color has-background\">\n<div class=\"is-layout-flow wp-block-column is-vertically-aligned-center\">\n<h2 class=\"has-orange-color has-text-color\">Natururlaub im Mobilheim <span class=\"fc-span\">auf dem Campingplatz Universal im Gard<\/span><\/h2>\n\n\n\n<ul class=\"pictos col-5 has-orange-color has-text-color\">\n<li><span class=\"fc-icon backpack-solid\"><\/span> Bis zu 6 Personen<\/li>\n\n\n\n<li><span class=\"fc-icon tree-solid\"><\/span>  \u00dcberdachte Terrasse<\/li>\n\n\n\n<li><span class=\"fc-icon tv-solid\"><\/span> Mit TV*<\/li>\n\n\n\n<li><span class=\"fc-icon kitchen-set-solid\"><\/span>  Ausgestattete K\u00fcche<\/li>\n\n\n\n<li><span class=\"fc-icon dryer-solid\"><\/span>  Geschirrsp\u00fcler*<\/li>\n<\/ul>\n\n\n\n<p class=\"has-text-align-center\"><em>*Verf\u00fcgbar bei einigen Mietunterk\u00fcnften<\/em><\/p>\n\n\n\n<p>In <a href=\"https:\/\/www.camping-universal.com\/de\/?page_id=1934\" data-type=\"URL\" data-id=\"https:\/\/www.camping-universal.com\/hebergements-insolites-dans-le-gard\/\">der Region Gard stehen Ihnen verschiedene ungew\u00f6hnliche<\/a> Unterkunftsarten zur Verf\u00fcgung, im <strong>Schatten oder in der Sonne<\/strong>, am <a href=\"https:\/\/www.camping-universal.com\/de\/swimmingpool-und-riviere\/\" data-type=\"page\" data-id=\"98\">Fluss oder<\/a> an einem abgelegenen Ort, ganz nach Ihren W\u00fcnschen.<\/p>\n\n\n\n<p>Entdecken Sie das perfekte Gleichgewicht zwischen Familienkomfort und dem Eintauchen in die Natur, indem Sie sich f\u00fcr unsere <strong>ger\u00e4umigen Mobilheime<\/strong> im Herzen eines <strong>friedlichen und gr\u00fcnen Campingplatzes<\/strong> entscheiden.<\/p>\n\n\n\n<div class=\"wp-block-fc-gut-lire-plus fc-desk\">\n<p>Lesen Sie mehr<\/p>\n\n\n\n<div class=\"is-layout-flow wp-block-group\">\n<p>Genie\u00dfen Sie die sonnigen Morgenstunden auf <strong>Ihrer Terrasse<\/strong>, umgeben von der Gelassenheit der Natur. Es gibt eine F\u00fclle von <a href=\"https:\/\/www.camping-universal.com\/de\/tourismus-gard\/\" data-type=\"page\" data-id=\"99\">Outdoor-Aktivit\u00e4ten<\/a>, die Gro\u00df und Klein die M\u00f6glichkeit bieten, sich zu vergn\u00fcgen und gleichzeitig die umliegenden Natursch\u00f6nheiten zu erkunden. Erleben Sie in unseren <strong>Familien-Mobilheimen <\/strong>in der Region Gard die perfekte Kombination aus Naturerlebnis und modernem Komfort f\u00fcr einen <strong>unvergesslichen Urlaub <\/strong>inmitten \u00fcppiger Natur. Die voll ausgestattete K\u00fcche erm\u00f6glicht Ihnen die m\u00fchelose Zubereitung k\u00f6stlicher Mahlzeiten. F\u00fcr Ihren Komfort und Ihre Entspannung ist jedes Mobilheim mit einem <strong>Geschirrsp\u00fcler ausgestattet<\/strong>, sodass Sie Ihren <strong>Urlaub in Gard unbeschwert genie\u00dfen k\u00f6nnen.<\/strong>  <\/p>\n\n\n\n<p>Buchen Sie jetzt Ihren Aufenthalt in unseren <strong>familienfreundlichen Mobilheimen im Gard <\/strong>und freuen Sie sich auf einen<strong> unvergesslichen Urlaub,<\/strong> in dem moderner Komfort und Natur harmonisch zusammenfinden.<\/p>\n<\/div>\n<\/div>\n\n\n\n<div class=\"is-content-justification-center is-layout-flex wp-container-7 wp-block-buttons\">\n<div class=\"wp-block-button btn_resa_loc\"><a class=\"wp-block-button__link wp-element-button\">Unterk\u00fcnfte ansehen<\/a><\/div>\n<\/div>\n<\/div>\n\n\n\n<div class=\"is-layout-flow wp-block-column is-vertically-aligned-center\">\n<figure class=\"is-layout-flex wp-block-gallery-9 wp-block-gallery has-nested-images columns-default is-cropped U-15__gallery fc-auto\">\n<figure class=\"wp-block-image size-large fc-auto\"><img decoding=\"async\" width=\"614\" height=\"1024\" src=\"https:\/\/www.camping-universal.com\/wp-content\/uploads\/2023\/12\/20220527_133445-614x1024.webp\" alt=\"Mobilheime inmitten der Natur in der Gard-Region\" class=\"wp-image-423\" srcset=\"https:\/\/www.camping-universal.com\/wp-content\/uploads\/2023\/12\/20220527_133445-614x1024.webp 614w, https:\/\/www.camping-universal.com\/wp-content\/uploads\/2023\/12\/20220527_133445-180x300.webp 180w, https:\/\/www.camping-universal.com\/wp-content\/uploads\/2023\/12\/20220527_133445-768x1280.webp 768w, https:\/\/www.camping-universal.com\/wp-content\/uploads\/2023\/12\/20220527_133445-921x1536.webp 921w, https:\/\/www.camping-universal.com\/wp-content\/uploads\/2023\/12\/20220527_133445.webp 1024w\" sizes=\"(max-width: 614px) 100vw, 614px\" title=\"\"><\/figure>\n\n\n\n<figure class=\"wp-block-image size-large has-orange-color fc-auto\"><img decoding=\"async\" width=\"1024\" height=\"614\" src=\"https:\/\/www.camping-universal.com\/wp-content\/uploads\/2023\/12\/20220527_121839.webp\" alt=\"Mobilheim mit &#xFC;berdachter Terrasse in der Region Gard\" class=\"wp-image-415\" srcset=\"https:\/\/www.camping-universal.com\/wp-content\/uploads\/2023\/12\/20220527_121839.webp 1024w, https:\/\/www.camping-universal.com\/wp-content\/uploads\/2023\/12\/20220527_121839-300x180.webp 300w, https:\/\/www.camping-universal.com\/wp-content\/uploads\/2023\/12\/20220527_121839-768x461.webp 768w\" sizes=\"(max-width: 1024px) 100vw, 1024px\" title=\"\"><figcaption class=\"wp-element-caption\"><a href=\"https:\/\/www.camping-universal.com\/de\/fotogalerie\/?galerie=hebergements\" data-type=\"page\" data-id=\"142\"><span class=\"fc-icon camera-retro-solid\"><\/span><\/a><\/figcaption><\/figure>\n\n\n\n<figure class=\"wp-block-image size-large fc-auto\"><img decoding=\"async\" width=\"1024\" height=\"614\" src=\"https:\/\/www.camping-universal.com\/wp-content\/uploads\/2023\/12\/20220527_133301.webp\" alt=\"Schattige Unterk&#xFC;nfte im Garten\" class=\"wp-image-407\" srcset=\"https:\/\/www.camping-universal.com\/wp-content\/uploads\/2023\/12\/20220527_133301.webp 1024w, https:\/\/www.camping-universal.com\/wp-content\/uploads\/2023\/12\/20220527_133301-300x180.webp 300w, https:\/\/www.camping-universal.com\/wp-content\/uploads\/2023\/12\/20220527_133301-768x461.webp 768w\" sizes=\"(max-width: 1024px) 100vw, 1024px\" title=\"\"><\/figure>\n<\/figure>\n\n\n\n<div class=\"is-layout-flex wp-block-buttons\">\n<div class=\"wp-block-button fc-style-1\"><a class=\"wp-block-button__link wp-element-button\" href=\"https:\/\/www.camping-universal.com\/de\/standorte\/\">Siehe Standorte<\/a><\/div>\n<\/div>\n<\/div>\n<\/div>\n\n<div class=\"is-layout-constrained wp-block-group U-20\">\n<div class=\"is-layout-flex wp-container-19 wp-block-columns are-vertically-aligned-center\">\n<div class=\"is-layout-flow wp-block-column is-vertically-aligned-center\" style=\"flex-basis:50%\">\n<h2>Ungew\u00f6hnliche Unterk\u00fcnfte inmitten der Natur <span class=\"fc-span\">auf dem Campingplatz Gard familial<\/span><\/h2>\n\n\n\n<p>Unsere<strong> au\u00dfergew\u00f6hnlichen Unterk\u00fcnfte im Gard<\/strong> liegen ideal inmitten <strong>nat\u00fcrlicher Natur<\/strong> und bieten die M\u00f6glichkeit, ein <strong>einzigartiges Familienerlebnis zu genie\u00dfen.<\/strong> Hoch in den Wipfeln majest\u00e4tischer B\u00e4ume gelegen, bieten unsere <strong>Baumh\u00e4user<\/strong> einen <strong>atemberaubenden Blick<\/strong> auf die <strong>umliegende Natur<\/strong>.<\/p>\n\n\n\n<div class=\"wp-block-fc-gut-lire-plus fc-mob\">\n<p>Lesen Sie mehr<\/p>\n\n\n\n<div class=\"is-layout-flow wp-block-group\">\n<p>Unsere<a href=\"https:\/\/www.camping-universal.com\/de\/?page_id=1913\" data-type=\"URL\" data-id=\"https:\/\/www.camping-universal.com\/cabane-dans-les-arbres-dans-le-gard\/\"> Baumh\u00e4user in der Region Gard<\/a> sind so konzipiert, dass sie optimalen Komfort mit <strong>modernen Annehmlichkeiten<\/strong> bieten und einen angenehmen und <strong>erholsamen Aufenthalt gew\u00e4hrleisten.<\/strong><\/p>\n\n\n\n<p>Unsere beiden H\u00fctten sind in einer H\u00f6he von <strong>8 bzw. 10 Metern<\/strong> in zwei mehrere Jahrhunderte alten Platanen am Ufer der C\u00e8ze gebaut. Sie sind \u00fcber eine Wendeltreppe und einen Steg erreichbar und k\u00f6nnen jeweils bis zu <strong>4 Personen beherbergen.<\/strong><\/p>\n\n\n\n<p>Das <strong>warme und gem\u00fctliche Interieur f\u00fchr<\/strong>t auf eine gro\u00dfe Terrasse mit einem <strong>privilegierten Blick auf den Fluss<\/strong>, in dem <a href=\"https:\/\/www.camping-universal.com\/de\/swimmingpool-und-riviere\/\" data-type=\"page\" data-id=\"98\">Sie baden, angeln und Kanu fahren k\u00f6nnen.<\/a><\/p>\n\n\n\n<div class=\"wp-block-fc-gut-lire-plus fc-desk\">\n<p>Lesen Sie mehr<\/p>\n\n\n\n<div class=\"is-layout-flow wp-block-group\">\n<p>Die H\u00fctte wurde mit R\u00fccksicht auf den Baum und unter Verwendung nat\u00fcrlicher und umweltfreundlicher D\u00e4mmstoffe errichtet.<br\/>Sie ist charmant eingerichtet und verf\u00fcgt \u00fcber ein Doppelbett und zwei Einzelbetten, einen kleinen Wassertank, eine Komposttoilette sowie M\u00f6bel f\u00fcr vier Personen. F\u00fcr Ihren Komfort sind Strom, ein K\u00fchlschrank, ein Wasserkocher und Tassen vorhanden.<\/p>\n\n\n\n<div class=\"wp-block-fc-gut-encart fc-information\">\n<p>Sie k\u00f6nnen alle Einrichtungen und<a href=\"https:\/\/www.camping-universal.com\/de\/activity-services\/\" data-type=\"URL\" data-id=\"https:\/\/www.camping-universal.com\/activites-services\/\"> Aktivit\u00e4ten des Campingplatzes nutzen.<\/a><\/p>\n<\/div>\n\n\n\n<p>Das im Preis inbegriffene Fr\u00fchst\u00fcck wird jeden Morgen in einem Korb an den Fu\u00df des Baumes gebracht.<br\/>Es umfasst ein Hei\u00dfgetr\u00e4nk, Geb\u00e4ck, Butter, Marmelade, Obst, Fruchtsaft, Milch und Brot.<\/p>\n<\/div>\n<\/div>\n<\/div>\n<\/div>\n<\/div>\n\n\n\n<div class=\"is-layout-flow wp-block-column is-vertically-aligned-center\">\n<ul class=\"pictos col-3\">\n<li><span class=\"fc-icon house-tree-solid\"><\/span> Treehouse at 8m and 10m height<\/li>\n\n\n\n<li><span class=\"fc-icon trees-solid\"><\/span>  Gro\u00dfz\u00fcgige Terrasse <span class=\"fc-span\">in den B\u00e4umen<\/span><\/li>\n\n\n\n<li><span class=\"fc-icon plate-utensils-solid\"><\/span> Lunchpaket <span class=\"fc-span\">aus lokalen Produkten<\/span><\/li>\n\n\n\n<li><span class=\"fc-icon house-heart-solid\"><\/span>  Stelzenchalet <span class=\"fc-span\">mit allem Komfort<\/span><\/li>\n\n\n\n<li><span class=\"fc-icon leaf-heart-solid\"><\/span> Nat\u00fcrliche <span class=\"fc-span\">und umweltfreundliche<\/span> Installation<\/li>\n\n\n\n<li><span class=\"fc-icon water-solid\"><\/span>  Blick <span class=\"fc-span\">von den B\u00e4umen<\/span> auf den Fluss<\/li>\n<\/ul>\n\n\n\n<div class=\"wp-block-fc-gut-encart fc-citation\">\n<p class=\"has-text-align-center\">Eine Idee f\u00fcr einen Abend an einem ungew\u00f6hnlichen, originellen und romantischen Ort, den man seinen Lieben schenken kann. Verleihen Sie Ihren Kindheitstr\u00e4umen eine gewisse H\u00f6he.<\/p>\n<\/div>\n\n\n\n<div class=\"is-content-justification-center is-layout-flex wp-container-17 wp-block-buttons\">\n<div class=\"wp-block-button\"><a class=\"wp-block-button__link wp-element-button\" href=\"https:\/\/www.camping-universal.com\/de\/fotogalerie\/?galerie=hebergements\">In Bildern entdecken<\/a><\/div>\n<\/div>\n<\/div>\n<\/div>\n\n\n\n<figure class=\"is-layout-flex wp-block-gallery-20 wp-block-gallery has-nested-images columns-5 is-cropped fc-diapo-mob fc-auto\">\n<figure class=\"wp-block-image size-large fc-auto\"><img decoding=\"async\" width=\"1024\" height=\"614\" src=\"https:\/\/www.camping-universal.com\/wp-content\/uploads\/2023\/12\/20220529_103131.webp\" alt=\"Mobilheim-Terrassen in der Region Gard\" class=\"wp-image-447\" srcset=\"https:\/\/www.camping-universal.com\/wp-content\/uploads\/2023\/12\/20220529_103131.webp 1024w, https:\/\/www.camping-universal.com\/wp-content\/uploads\/2023\/12\/20220529_103131-300x180.webp 300w, https:\/\/www.camping-universal.com\/wp-content\/uploads\/2023\/12\/20220529_103131-768x461.webp 768w\" sizes=\"(max-width: 1024px) 100vw, 1024px\" title=\"\"><\/figure>\n\n\n\n<figure class=\"wp-block-image size-large fc-auto\"><img decoding=\"async\" width=\"690\" height=\"1024\" src=\"https:\/\/www.camping-universal.com\/wp-content\/uploads\/2023\/12\/20220529_103649-690x1024.webp\" alt=\"Mobilheime im Garten\" class=\"wp-image-371\" srcset=\"https:\/\/www.camping-universal.com\/wp-content\/uploads\/2023\/12\/20220529_103649-690x1024.webp 690w, https:\/\/www.camping-universal.com\/wp-content\/uploads\/2023\/12\/20220529_103649-202x300.webp 202w, https:\/\/www.camping-universal.com\/wp-content\/uploads\/2023\/12\/20220529_103649-768x1140.webp 768w, https:\/\/www.camping-universal.com\/wp-content\/uploads\/2023\/12\/20220529_103649.webp 1024w\" sizes=\"(max-width: 690px) 100vw, 690px\" title=\"\"><\/figure>\n\n\n\n<figure class=\"wp-block-image size-large fc-auto\"><img decoding=\"async\" width=\"1024\" height=\"614\" src=\"https:\/\/www.camping-universal.com\/wp-content\/uploads\/2023\/12\/20220527_122422.webp\" alt=\"Vermietung von Mobilheimen in der Gard-Region\" class=\"wp-image-462\" srcset=\"https:\/\/www.camping-universal.com\/wp-content\/uploads\/2023\/12\/20220527_122422.webp 1024w, https:\/\/www.camping-universal.com\/wp-content\/uploads\/2023\/12\/20220527_122422-300x180.webp 300w, https:\/\/www.camping-universal.com\/wp-content\/uploads\/2023\/12\/20220527_122422-768x461.webp 768w\" sizes=\"(max-width: 1024px) 100vw, 1024px\" title=\"\"><\/figure>\n\n\n\n<figure class=\"wp-block-image size-full fc-auto\"><img decoding=\"async\" width=\"1024\" height=\"671\" src=\"https:\/\/www.camping-universal.com\/wp-content\/uploads\/2023\/12\/batch_roulotte_max.webp\" alt=\"Mobilheim aus Holz im Garten\" class=\"wp-image-258\" srcset=\"https:\/\/www.camping-universal.com\/wp-content\/uploads\/2023\/12\/batch_roulotte_max.webp 1024w, https:\/\/www.camping-universal.com\/wp-content\/uploads\/2023\/12\/batch_roulotte_max-300x197.webp 300w, https:\/\/www.camping-universal.com\/wp-content\/uploads\/2023\/12\/batch_roulotte_max-768x503.webp 768w\" sizes=\"(max-width: 1024px) 100vw, 1024px\" title=\"\"><\/figure>\n<\/figure>\n\n\n\n<h2>\u00dcbernachten Sie in unseren bezaubernden Mobilheimen in der Region Gard.<\/h2>\n\n\n\n<p>Unser familiengef\u00fchrter <a href=\"https:\/\/www.camping-universal.com\/de\/\">Campingplatz in der Region Gard <\/a>garantiert dank seines \u00fcberschaubaren Rahmens eine friedliche Atmosph\u00e4re, untermalt vom Gesang der V\u00f6gel. Hier steht Geselligkeit an erster Stelle, und <a href=\"https:\/\/www.camping-universal.com\/de\/activity-services\/\" data-type=\"URL\" data-id=\"https:\/\/www.camping-universal.com\/activites-services\/\">im Gard finden Sie zahlreiche Aktivit\u00e4ten am Flussufer<\/a>, die Sie unterhalten und gleichzeitig entspannen lassen. Von Kinderspielpl\u00e4tzen bis hin zu Mehrzweck-Sportfeldern, ganz zu schweigen von unseren stimmungsvollen Abenden und Themenspazierg\u00e4ngen \u2013 es ist f\u00fcr jeden und jedes Alter etwas dabei.<\/p>\n\n\n\n<p>F\u00fcr alle, die Wasservergn\u00fcgen bevorzugen, ist unser <a href=\"https:\/\/www.camping-universal.com\/de\/swimmingpool-und-riviere\/\" data-type=\"URL\" data-id=\"https:\/\/www.camping-universal.com\/piscine-et-riviere\/\">Campingplatz mit beheiztem Schwimmbad im Gard<\/a> der ideale Ort, um sich mit Familie oder Freunden abzuk\u00fchlen und zu entspannen. Und was gibt es nach einem anstrengenden Tag Sch\u00f6neres, als ein geselliges Essen bei einem Grillfest im Freien zu genie\u00dfen und unvergessliche Momente mit seinen Liebsten zu teilen?<\/p>\n\n\n\n<p class=\"has-text-align-left\">Ob Sie die <strong>Natursch\u00f6nheiten der Gard-Region<\/strong> entdecken, in einer bezaubernden Umgebung entspannen oder einfach die sch\u00f6nen Seiten des Lebens im Freien genie\u00dfen m\u00f6chten \u2013 unser Campingplatz wird all Ihren W\u00fcnschen gerecht. Buchen Sie jetzt Ihren Aufenthalt in einer unserer<strong> Unterk\u00fcnfte im Gard<\/strong> und freuen Sie sich auf einen unvergesslichen Urlaub im Herzen dieser wundersch\u00f6nen Region. <\/p>\n\n\n\n<div class=\"is-content-justification-center is-layout-flex wp-container-22 wp-block-buttons\">\n<div class=\"wp-block-button btn_resa_loc\"><a class=\"wp-block-button__link wp-element-button\">Meine Unterkunft buchen<\/a><\/div>\n<\/div>\n<\/div>\n","protected":false},"excerpt":{"rendered":"<p>Vermietung von Mobilheimen in der Gard-Region Entdecken Sie einzigartige Aufenthalte in unseren familienfreundlichen Mobilheimen und Baumh\u00e4usern, eingebettet in einen ruhigen Campingplatz am Flussufer im Gard. Genie\u00dfen Sie den Komfort und alle Annehmlichkeiten, w\u00e4hrend Sie sich mit der Natur verbinden. Buchen Sie jetzt f\u00fcr einen idyllischen Urlaub inmitten eines gesch\u00fctzten Naturraums im Gard. Unser Campingplatz liegt [&hellip;]<\/p>\n","protected":false},"author":1,"featured_media":0,"parent":0,"menu_order":0,"comment_status":"closed","ping_status":"closed","template":"","meta":[],"acf":[],"_links":{"self":[{"href":"https:\/\/www.camping-universal.com\/de\/wp-json\/wp\/v2\/pages\/1289"}],"collection":[{"href":"https:\/\/www.camping-universal.com\/de\/wp-json\/wp\/v2\/pages"}],"about":[{"href":"https:\/\/www.camping-universal.com\/de\/wp-json\/wp\/v2\/types\/page"}],"author":[{"embeddable":true,"href":"https:\/\/www.camping-universal.com\/de\/wp-json\/wp\/v2\/users\/1"}],"replies":[{"embeddable":true,"href":"https:\/\/www.camping-universal.com\/de\/wp-json\/wp\/v2\/comments?post=1289"}],"version-history":[{"count":6,"href":"https:\/\/www.camping-universal.com\/de\/wp-json\/wp\/v2\/pages\/1289\/revisions"}],"predecessor-version":[{"id":1969,"href":"https:\/\/www.camping-universal.com\/de\/wp-json\/wp\/v2\/pages\/1289\/revisions\/1969"}],"wp:attachment":[{"href":"https:\/\/www.camping-universal.com\/de\/wp-json\/wp\/v2\/media?parent=1289"}],"curies":[{"name":"wp","href":"https:\/\/api.w.org\/{rel}","templated":true}]}}