{"id":1280,"date":"2023-12-19T12:33:13","date_gmt":"2023-12-19T11:33:13","guid":{"rendered":"https:\/\/www.camping-universal.com\/?page_id=1280"},"modified":"2026-01-19T17:14:50","modified_gmt":"2026-01-19T16:14:50","slug":"swimmingpool-und-riviere","status":"publish","type":"page","link":"https:\/\/www.camping-universal.com\/de\/swimmingpool-und-riviere\/","title":{"rendered":"Pool &amp; Fluss"},"content":{"rendered":"\n<div class=\"is-layout-flow wp-block-group alignfull diaporama-header\">\n<figure class=\"is-layout-flex wp-block-gallery-1 wp-block-gallery has-nested-images columns-default is-cropped fc-auto\">\n<figure class=\"wp-block-image size-full fc-auto\"><img decoding=\"async\" width=\"1920\" height=\"697\" src=\"https:\/\/www.camping-universal.com\/wp-content\/uploads\/2023\/12\/20230901_155939-Copie.webp\" alt=\"Campingplatz mit Hallenbad in der Region Gard \" class=\"wp-image-554\" srcset=\"https:\/\/www.camping-universal.com\/wp-content\/uploads\/2023\/12\/20230901_155939-Copie.webp 1920w, https:\/\/www.camping-universal.com\/wp-content\/uploads\/2023\/12\/20230901_155939-Copie-300x109.webp 300w, https:\/\/www.camping-universal.com\/wp-content\/uploads\/2023\/12\/20230901_155939-Copie-1024x372.webp 1024w, https:\/\/www.camping-universal.com\/wp-content\/uploads\/2023\/12\/20230901_155939-Copie-768x279.webp 768w, https:\/\/www.camping-universal.com\/wp-content\/uploads\/2023\/12\/20230901_155939-Copie-1536x558.webp 1536w\" sizes=\"(max-width: 1920px) 100vw, 1920px\" title=\"\"><\/figure>\n<\/figure>\n<\/div>\n\n<div class=\"is-layout-flex wp-container-8 wp-block-columns are-vertically-aligned-center\">\n<div class=\"is-layout-flow wp-block-column is-vertically-aligned-center\" style=\"flex-basis:60%\">\n<h1>Campingplatz mit beheiztem Schwimmbad am <span class=\"fc-span\">Flussufer im Gard<\/span><\/h1>\n\n\n\n<p>Unser<strong> Campingplatz mit beheiztem Flussufer-Schwimmbad <\/strong>liegt i<strong>nmitten einer bewaldeten Naturlandschaft<\/strong> und ist somit ideal, um sich w\u00e4hrend Ihres Urlaubs abzuk\u00fchlen.<\/p>\n\n\n\n<div class=\"wp-block-fc-gut-lire-plus fc-mob\">\n<p>Lesen Sie mehr<\/p>\n\n\n\n<div class=\"is-layout-flow wp-block-group\">\n<p>Tauchen Sie ein in den Swimmingpool unseres Campingplatzes und genie\u00dfen Sie die nat\u00fcrliche Sch\u00f6nheit der Umgebung oder lassen Sie sich vom sanften Rauschen des Flusses treiben. Ein Kurzurlaub, der <strong>Entspannung und Abenteuer<\/strong> miteinander verbindet und die perfekte Balance zwischen Wellness und <strong>Wasseraktivit\u00e4ten<\/strong> mit den F\u00fc\u00dfen im Wasser bietet.<\/p>\n\n\n\n<p> Buchen Sie jetzt f\u00fcr ein <strong>unvergessliches Campingerlebnis<\/strong>.<\/p>\n<\/div>\n<\/div>\n<\/div>\n\n\n\n<div class=\"is-layout-flow wp-block-column is-vertically-aligned-center\">\n<ul class=\"pictos col-3 centre\">\n<li><span class=\"fc-icon sunglasses-solid\"><\/span>  Liegestuhlbereich<\/li>\n\n\n\n<li><span class=\"fc-icon water-ladder-solid\"><\/span>  Beheizter Swimmingpool<\/li>\n\n\n\n<li><span class=\"fc-icon water-solid\"><\/span>  Am Flussufer<\/li>\n\n\n\n<li><span class=\"fc-icon child-solid\"><\/span>  Planschbeckenbereich<\/li>\n\n\n\n<li><span class=\"fc-icon water-solid\"><\/span>  Wasseraktivit\u00e4ten<\/li>\n<\/ul>\n\n\n\n<div class=\"is-content-justification-center is-layout-flex wp-container-6 wp-block-buttons\">\n<div class=\"wp-block-button btn_resa\"><a class=\"wp-block-button__link wp-element-button\">Buchen Sie einen Aufenthalt<\/a><\/div>\n<\/div>\n<\/div>\n<\/div>\n\n<div class=\"is-layout-flex wp-container-13 wp-block-columns alignfull are-vertically-aligned-center U-15 has-orange-clair-background-color has-background reverse-mob\">\n<div class=\"is-layout-flow wp-block-column is-vertically-aligned-center\" style=\"flex-basis:60%\">\n<figure class=\"is-layout-flex wp-block-gallery-9 wp-block-gallery has-nested-images columns-default is-cropped U-15__gallery fc-auto\">\n<figure class=\"wp-block-image size-large fc-auto\"><img decoding=\"async\" width=\"614\" height=\"1024\" src=\"https:\/\/www.camping-universal.com\/wp-content\/uploads\/2023\/12\/20220527_182315-1-614x1024.webp\" alt=\"Beheizter und &#xFC;berdachter Swimmingpool auf dem Campingplatz in der Region Gard \" class=\"wp-image-602\" srcset=\"https:\/\/www.camping-universal.com\/wp-content\/uploads\/2023\/12\/20220527_182315-1-614x1024.webp 614w, https:\/\/www.camping-universal.com\/wp-content\/uploads\/2023\/12\/20220527_182315-1-180x300.webp 180w, https:\/\/www.camping-universal.com\/wp-content\/uploads\/2023\/12\/20220527_182315-1-768x1280.webp 768w, https:\/\/www.camping-universal.com\/wp-content\/uploads\/2023\/12\/20220527_182315-1-921x1536.webp 921w, https:\/\/www.camping-universal.com\/wp-content\/uploads\/2023\/12\/20220527_182315-1.webp 1024w\" sizes=\"(max-width: 614px) 100vw, 614px\" title=\"\"><\/figure>\n\n\n\n<figure class=\"wp-block-image size-large has-orange-color fc-auto\"><img decoding=\"async\" width=\"614\" height=\"1024\" src=\"https:\/\/www.camping-universal.com\/wp-content\/uploads\/2023\/12\/20230813_174231-614x1024.webp\" alt=\"Camping mit Hallenbad in der Region Gard\" class=\"wp-image-558\" srcset=\"https:\/\/www.camping-universal.com\/wp-content\/uploads\/2023\/12\/20230813_174231-614x1024.webp 614w, https:\/\/www.camping-universal.com\/wp-content\/uploads\/2023\/12\/20230813_174231-180x300.webp 180w, https:\/\/www.camping-universal.com\/wp-content\/uploads\/2023\/12\/20230813_174231-768x1280.webp 768w, https:\/\/www.camping-universal.com\/wp-content\/uploads\/2023\/12\/20230813_174231-921x1536.webp 921w, https:\/\/www.camping-universal.com\/wp-content\/uploads\/2023\/12\/20230813_174231.webp 1024w\" sizes=\"(max-width: 614px) 100vw, 614px\" title=\"\"><figcaption class=\"wp-element-caption\"><a href=\"https:\/\/www.camping-universal.com\/de\/fotogalerie\/?galerie=piscine\" data-type=\"page\" data-id=\"142\"><span class=\"fc-icon camera-retro-solid\"><\/span><\/a><\/figcaption><\/figure>\n\n\n\n<figure class=\"wp-block-image size-large fc-auto\"><img decoding=\"async\" width=\"1024\" height=\"614\" src=\"https:\/\/www.camping-universal.com\/wp-content\/uploads\/2023\/12\/20230910_154829.webp\" alt=\"Hallenbad auf dem Campingplatz in der Region Gard\" class=\"wp-image-574\" srcset=\"https:\/\/www.camping-universal.com\/wp-content\/uploads\/2023\/12\/20230910_154829.webp 1024w, https:\/\/www.camping-universal.com\/wp-content\/uploads\/2023\/12\/20230910_154829-300x180.webp 300w, https:\/\/www.camping-universal.com\/wp-content\/uploads\/2023\/12\/20230910_154829-768x461.webp 768w\" sizes=\"(max-width: 1024px) 100vw, 1024px\" title=\"\"><\/figure>\n<\/figure>\n<\/div>\n\n\n\n<div class=\"is-layout-flow wp-block-column is-vertically-aligned-center\">\n<h2 class=\"deco--arrow-bound has-orange-color has-text-color\">Freibad mit Planschbecken <span class=\"fc-span\">auf dem Campingplatz<\/span><\/h2>\n\n\n\n<p>Erfrischen Sie sich im <strong>beheizten Schwimmbad des Campingplatzes<\/strong> mit <strong>Planschbecken <\/strong>und <strong>Sonnenterrasse<\/strong>.<\/p>\n\n\n\n<p>Tauchen Sie in das erfrischende Wasser des Pools ein, der ideal f\u00fcr die ganze Familie ist!<\/p>\n\n\n\n<p>Genie\u00dfen Sie die Sonne <strong>im Liegestuhlbereich<\/strong> und bewundern Sie dabei die <strong>umliegende Naturlandschaft<\/strong>. Unser Campingplatz bietet ein harmonisches Gleichgewicht zwischen <strong>Entspannung im Wasser<\/strong> und dem <strong>Eintauchen in die Natur<\/strong> und verspricht Ihnen unvergessliche Momente des Wohlbefindens.<\/p>\n<\/div>\n<\/div>\n\n<div class=\"is-layout-constrained wp-block-group U-10\">\n<div class=\"is-layout-flex wp-container-18 wp-block-columns reverse-mob\">\n<div class=\"is-layout-flow wp-block-column\">\n<figure class=\"wp-block-image size-full fc-full\"><img decoding=\"async\" width=\"1024\" height=\"614\" src=\"https:\/\/www.camping-universal.com\/wp-content\/uploads\/2023\/12\/20220527_125039.webp\" alt=\"Fluss in der N&#xE4;he des beheizten Schwimmbads des Campingplatzes im Garten \" class=\"wp-image-655\" srcset=\"https:\/\/www.camping-universal.com\/wp-content\/uploads\/2023\/12\/20220527_125039.webp 1024w, https:\/\/www.camping-universal.com\/wp-content\/uploads\/2023\/12\/20220527_125039-300x180.webp 300w, https:\/\/www.camping-universal.com\/wp-content\/uploads\/2023\/12\/20220527_125039-768x461.webp 768w\" sizes=\"(max-width: 1024px) 100vw, 1024px\" title=\"\"><\/figure>\n<\/div>\n\n\n\n<div class=\"is-layout-flow wp-block-column U-10__texte\">\n<h2>Urlaub in der Region Gard am Fluss auf dem 4-Sterne-Campingplatz Universal<\/h2>\n\n\n\n<p>Entdecken Sie ein idyllisches <strong>Campingerlebnis mit Swimmingpool in der Region Gard<\/strong>, indem Sie unseren <strong>Campingplatz am Flussufer w\u00e4hlen.<\/strong><\/p>\n\n\n\n<div class=\"wp-block-fc-gut-lire-plus fc-mob\">\n<p>Lesen Sie mehr<\/p>\n\n\n\n<div class=\"is-layout-flow wp-block-group\">\n<p>Tauchen Sie ein in die nat\u00fcrliche Ruhe, <a href=\"https:\/\/www.camping-universal.com\/de\/standorte\/\" data-type=\"page\" data-id=\"104\">w\u00e4hrend Sie Ihr Zelt aufbauen oder Ihren Campervan<\/a> am friedlichen Flussufer parken.<\/p>\n\n\n\n<p>Genie\u00dfen Sie Aktivit\u00e4ten mit den F\u00fc\u00dfen im Wasser wie <strong>Angeln, malerische Spazierg\u00e4nge und Wassersportaktivit\u00e4ten<\/strong>, die nur wenige Schritte von Ihrem Stellplatz entfernt sind.<\/p>\n\n\n\n<p>Unser <strong>Campingplatz am Flussufer<\/strong> bietet die perfekte Flucht f\u00fcr <strong>Naturliebhaber<\/strong>!<\/p>\n\n\n\n<p><strong>Der Fluss C\u00e8ze <\/strong>wird Sie unweigerlich verzaubern, Sie werden dem Drang verfallen, zu schwimmen, zu<strong> springen und friedliche Spazierg\u00e4nge<\/strong> am Ufer entlang zu unternehmen, immer auf der Suche nach goldenen Schimmern.<\/p>\n<\/div>\n<\/div>\n\n\n\n<div class=\"is-layout-flex wp-block-buttons\">\n<div class=\"wp-block-button btn_resa\"><a class=\"wp-block-button__link wp-element-button\">Buchen Sie meinen Aufenthalt<\/a><\/div>\n<\/div>\n<\/div>\n<\/div>\n\n\n\n<div class=\"is-layout-flex wp-container-21 wp-block-columns U-05__images\">\n<div class=\"is-layout-flow wp-block-column hide-mob U-10__large\">\n<figure class=\"wp-block-image size-full fc-full\"><img decoding=\"async\" width=\"1024\" height=\"614\" src=\"https:\/\/www.camping-universal.com\/wp-content\/uploads\/2023\/12\/20230731_082734.webp\" alt=\"Fluss in der N&#xE4;he des Hallenbads des Campingplatzes im Garten \" class=\"wp-image-639\" srcset=\"https:\/\/www.camping-universal.com\/wp-content\/uploads\/2023\/12\/20230731_082734.webp 1024w, https:\/\/www.camping-universal.com\/wp-content\/uploads\/2023\/12\/20230731_082734-300x180.webp 300w, https:\/\/www.camping-universal.com\/wp-content\/uploads\/2023\/12\/20230731_082734-768x461.webp 768w\" sizes=\"(max-width: 1024px) 100vw, 1024px\" title=\"\"><\/figure>\n<\/div>\n\n\n\n<div class=\"is-layout-flow wp-block-column U-10__square\">\n<figure class=\"wp-block-image size-large fc-auto\"><img decoding=\"async\" width=\"614\" height=\"1024\" src=\"https:\/\/www.camping-universal.com\/wp-content\/uploads\/2023\/12\/20230816_141859-614x1024.webp\" alt=\"Das Hallenbad auf dem Campingplatz in der Region Gard \" class=\"wp-image-651\" srcset=\"https:\/\/www.camping-universal.com\/wp-content\/uploads\/2023\/12\/20230816_141859-614x1024.webp 614w, https:\/\/www.camping-universal.com\/wp-content\/uploads\/2023\/12\/20230816_141859-180x300.webp 180w, https:\/\/www.camping-universal.com\/wp-content\/uploads\/2023\/12\/20230816_141859-768x1280.webp 768w, https:\/\/www.camping-universal.com\/wp-content\/uploads\/2023\/12\/20230816_141859-921x1536.webp 921w, https:\/\/www.camping-universal.com\/wp-content\/uploads\/2023\/12\/20230816_141859.webp 1024w\" sizes=\"(max-width: 614px) 100vw, 614px\" title=\"\"><figcaption class=\"wp-element-caption\"><a href=\"https:\/\/www.camping-universal.com\/de\/fotogalerie\/?galerie=riviere\"><span class=\"fc-icon camera-retro-solid\"><\/span><\/a><\/figcaption><\/figure>\n\n\n\n<p class=\"h3 has-vert-color has-text-color\">Ruhiger Campingplatz &amp; Natur<\/p>\n\n\n\n<p>Verbringen Sie einen <strong>gelungenen Familienurlaub in der Region Gard<\/strong> in einer entspannenden und erholsamen Umgebung.<\/p>\n<\/div>\n<\/div>\n\n\n\n<div class=\"is-layout-flex wp-container-24 wp-block-columns alignfull are-vertically-aligned-center U-15 has-orange-clair-background-color has-background reverse-mob\">\n<div class=\"is-layout-flow wp-block-column is-vertically-aligned-center\" style=\"flex-basis:60%\">\n<h2 class=\"has-orange-color has-text-color\">Entdecken Sie die Umgebung des Campingplatzes mit Schwimmbad in Rochegude<\/h2>\n\n\n\n<p>Kommen Sie und atmen Sie den Duft der Lavendelfelder rund um Rochegude ein. Genie\u00dfen Sie die regionalen K\u00f6stlichkeiten und das au\u00dfergew\u00f6hnliche Naturerbe in der N\u00e4he unseres <strong>Campingplatzes am Flussufer mit Swimmingpool<\/strong>.<a href=\"https:\/\/www.camping-universal.com\/de\/tourismus-gard\/\" data-type=\"URL\" data-id=\"https:\/\/www.camping-universal.com\/tourisme-gard\/\"> Besuchen Sie die mittelalterlichen D\u00f6rfer des Gard<\/a>, provenzalische M\u00e4rkte und viele weitere Sehensw\u00fcrdigkeiten, die zum Reichtum unserer Region beitragen, darunter die bekanntesten: <\/p>\n\n\n\n<p>Tauchen Sie ein in die Authentizit\u00e4t der Region Gard, indem Sie die lokalen M\u00e4rkte entdecken, wo Sie die Aromen und Farben regionaler Produkte verzaubern werden.<\/p>\n<\/div>\n\n\n\n<div class=\"is-layout-flow wp-block-column is-vertically-aligned-center\">\n<figure class=\"wp-block-image size-large fc-auto\"><img decoding=\"async\" width=\"1024\" height=\"467\" src=\"https:\/\/www.camping-universal.com\/wp-content\/uploads\/2023\/12\/ben-michel-lKSQQ9Gsa8I-unsplash-1024x467.webp\" alt=\"Br&#xFC;cke in der N&#xE4;he des Hallenbads des Campingplatzes im Garten \" class=\"wp-image-746\" srcset=\"https:\/\/www.camping-universal.com\/wp-content\/uploads\/2023\/12\/ben-michel-lKSQQ9Gsa8I-unsplash-1024x467.webp 1024w, https:\/\/www.camping-universal.com\/wp-content\/uploads\/2023\/12\/ben-michel-lKSQQ9Gsa8I-unsplash-300x137.webp 300w, https:\/\/www.camping-universal.com\/wp-content\/uploads\/2023\/12\/ben-michel-lKSQQ9Gsa8I-unsplash-768x350.webp 768w, https:\/\/www.camping-universal.com\/wp-content\/uploads\/2023\/12\/ben-michel-lKSQQ9Gsa8I-unsplash-1536x701.webp 1536w, https:\/\/www.camping-universal.com\/wp-content\/uploads\/2023\/12\/ben-michel-lKSQQ9Gsa8I-unsplash.webp 1920w\" sizes=\"(max-width: 1024px) 100vw, 1024px\" title=\"\"><\/figure>\n<\/div>\n<\/div>\n<\/div>\n","protected":false},"excerpt":{"rendered":"<p>Campingplatz mit beheiztem Schwimmbad am Flussufer im Gard Unser Campingplatz mit beheiztem Flussufer-Schwimmbad liegt inmitten einer bewaldeten Naturlandschaft und ist somit ideal, um sich w\u00e4hrend Ihres Urlaubs abzuk\u00fchlen. Freibad mit Planschbecken auf dem Campingplatz Erfrischen Sie sich im beheizten Schwimmbad des Campingplatzes mit Planschbecken und Sonnenterrasse. Tauchen Sie in das erfrischende Wasser des Pools ein, [&hellip;]<\/p>\n","protected":false},"author":1,"featured_media":0,"parent":0,"menu_order":0,"comment_status":"closed","ping_status":"closed","template":"","meta":[],"acf":[],"_links":{"self":[{"href":"https:\/\/www.camping-universal.com\/de\/wp-json\/wp\/v2\/pages\/1280"}],"collection":[{"href":"https:\/\/www.camping-universal.com\/de\/wp-json\/wp\/v2\/pages"}],"about":[{"href":"https:\/\/www.camping-universal.com\/de\/wp-json\/wp\/v2\/types\/page"}],"author":[{"embeddable":true,"href":"https:\/\/www.camping-universal.com\/de\/wp-json\/wp\/v2\/users\/1"}],"replies":[{"embeddable":true,"href":"https:\/\/www.camping-universal.com\/de\/wp-json\/wp\/v2\/comments?post=1280"}],"version-history":[{"count":3,"href":"https:\/\/www.camping-universal.com\/de\/wp-json\/wp\/v2\/pages\/1280\/revisions"}],"predecessor-version":[{"id":1944,"href":"https:\/\/www.camping-universal.com\/de\/wp-json\/wp\/v2\/pages\/1280\/revisions\/1944"}],"wp:attachment":[{"href":"https:\/\/www.camping-universal.com\/de\/wp-json\/wp\/v2\/media?parent=1280"}],"curies":[{"name":"wp","href":"https:\/\/api.w.org\/{rel}","templated":true}]}}